{"id":13862,"date":"2023-10-02T16:51:52","date_gmt":"2023-10-02T16:51:52","guid":{"rendered":"https:\/\/snusdelivery.se\/?post_type=product&#038;p=13862"},"modified":"2024-02-16T20:16:43","modified_gmt":"2024-02-16T20:16:43","slug":"velo-frosty-grapefruit","status":"publish","type":"product","link":"https:\/\/snusdelivery.se\/fr\/produit\/velo-frosty-grapefruit\/","title":{"rendered":"VELO Arctic Grapefruit"},"content":{"rendered":"<p>VELO Arctic Grapefruit Slim Strong est une variante du snus sans tabac avec un go\u00fbt de pamplemousse et de menthe poivr\u00e9e. Ces sachets de slime contiennent une grande quantit\u00e9 de nicotine.<\/p>\n","protected":false},"excerpt":{"rendered":"<p>VELO Arctic Grapefruit Slim Strong est une pochette solide avec un format mince<\/p>\n","protected":false},"featured_media":14772,"comment_status":"open","ping_status":"closed","template":"","meta":[],"product_brand":[],"product_cat":[453,579,408,417,440],"product_tag":[1061,1062,454,447,410,441],"class_list":{"0":"post-13862","1":"product","2":"type-product","3":"status-publish","4":"has-post-thumbnail","6":"product_cat-bastsaljare-fr-2","7":"product_cat-bastsaljare-fr","8":"product_cat-sachets-de-nicotine-fr","9":"product_cat-snus-sans-tabac","10":"product_cat-velo-fr","11":"product_tag-lesnus-fr","12":"product_tag-nicotinepouch-fr","13":"product_tag-sacs-de-nicotine","14":"product_tag-snus-fr","15":"product_tag-snus-sans-tabac","16":"product_tag-velo-fr","17":"pa_smak-mignon","18":"pa_storlek-smart","19":"pa_styrka-stark-fr","20":"pa_varumarke-velo-fr","22":"first","23":"instock","24":"taxable","25":"shipping-taxable","26":"purchasable","27":"product-type-variable"},"_links":{"self":[{"href":"https:\/\/snusdelivery.se\/fr\/wp-json\/wp\/v2\/product\/13862","targetHints":{"allow":["GET"]}}],"collection":[{"href":"https:\/\/snusdelivery.se\/fr\/wp-json\/wp\/v2\/product"}],"about":[{"href":"https:\/\/snusdelivery.se\/fr\/wp-json\/wp\/v2\/types\/product"}],"replies":[{"embeddable":true,"href":"https:\/\/snusdelivery.se\/fr\/wp-json\/wp\/v2\/comments?post=13862"}],"version-history":[{"count":2,"href":"https:\/\/snusdelivery.se\/fr\/wp-json\/wp\/v2\/product\/13862\/revisions"}],"predecessor-version":[{"id":14553,"href":"https:\/\/snusdelivery.se\/fr\/wp-json\/wp\/v2\/product\/13862\/revisions\/14553"}],"wp:featuredmedia":[{"embeddable":true,"href":"https:\/\/snusdelivery.se\/fr\/wp-json\/wp\/v2\/media\/14772"}],"wp:attachment":[{"href":"https:\/\/snusdelivery.se\/fr\/wp-json\/wp\/v2\/media?parent=13862"}],"wp:term":[{"taxonomy":"product_brand","embeddable":true,"href":"https:\/\/snusdelivery.se\/fr\/wp-json\/wp\/v2\/product_brand?post=13862"},{"taxonomy":"product_cat","embeddable":true,"href":"https:\/\/snusdelivery.se\/fr\/wp-json\/wp\/v2\/product_cat?post=13862"},{"taxonomy":"product_tag","embeddable":true,"href":"https:\/\/snusdelivery.se\/fr\/wp-json\/wp\/v2\/product_tag?post=13862"}],"curies":[{"name":"wp","href":"https:\/\/api.w.org\/{rel}","templated":true}]}}