{"id":12721,"date":"2022-10-10T13:05:21","date_gmt":"2022-10-10T13:05:21","guid":{"rendered":"https:\/\/snusdelivery.se\/product\/velo-mint-medium-slim\/"},"modified":"2024-09-06T21:07:49","modified_gmt":"2024-09-06T21:07:49","slug":"velo-mint-medium-slim","status":"publish","type":"product","link":"https:\/\/snusdelivery.se\/fr\/produit\/velo-mint-medium-slim\/","title":{"rendered":"Velo Witty Spearmint"},"content":{"rendered":"<p>Velo Witty Spearmint \u00e9tait auparavant Velo Mint Slim. &#8211; Un snus sans tabac et enti\u00e8rement blanc de Velo avec de minces sachets de nicotine qui a une saveur fra\u00eeche et fra\u00eeche de menthe verte avec une l\u00e9g\u00e8re touche de douceur sous-jacente. La garniture enti\u00e8rement blanche et en fibres v\u00e9g\u00e9tales naturelles utilis\u00e9e dans ces portions minces fait en sorte qu&rsquo;elles ne se d\u00e9colorent pas et qu&rsquo;elles ont une texture peu coulante, ce qui fait que leur lib\u00e9ration de saveur menthol\u00e9e dure longtemps. Teneur en nicotine : 6 mg\/g.<br \/>\nVelo Witty Spearmint s\u2019appelait auparavant Velo Mint. Nouveau look, m\u00eame bon go\u00fbt !<\/p>\n","protected":false},"excerpt":{"rendered":"<p>Un snus sans tabac et tout blanc en portion mince de Velo avec un go\u00fbt frais et doux de menthe verte.<\/p>\n","protected":false},"featured_media":14805,"comment_status":"open","ping_status":"closed","template":"","meta":[],"product_brand":[],"product_cat":[453,408,440],"product_tag":[456,454,441],"class_list":{"0":"post-12721","1":"product","2":"type-product","3":"status-publish","4":"has-post-thumbnail","6":"product_cat-bastsaljare-fr-2","7":"product_cat-sachets-de-nicotine-fr","8":"product_cat-velo-fr","9":"product_tag-best-seller","10":"product_tag-sacs-de-nicotine","11":"product_tag-velo-fr","12":"pa_smak-frais","13":"pa_storlek-smart","14":"pa_styrka-normal-fr","15":"pa_varumarke-velo-fr","17":"first","18":"instock","19":"taxable","20":"shipping-taxable","21":"purchasable","22":"product-type-variable"},"_links":{"self":[{"href":"https:\/\/snusdelivery.se\/fr\/wp-json\/wp\/v2\/product\/12721","targetHints":{"allow":["GET"]}}],"collection":[{"href":"https:\/\/snusdelivery.se\/fr\/wp-json\/wp\/v2\/product"}],"about":[{"href":"https:\/\/snusdelivery.se\/fr\/wp-json\/wp\/v2\/types\/product"}],"replies":[{"embeddable":true,"href":"https:\/\/snusdelivery.se\/fr\/wp-json\/wp\/v2\/comments?post=12721"}],"version-history":[{"count":3,"href":"https:\/\/snusdelivery.se\/fr\/wp-json\/wp\/v2\/product\/12721\/revisions"}],"predecessor-version":[{"id":14809,"href":"https:\/\/snusdelivery.se\/fr\/wp-json\/wp\/v2\/product\/12721\/revisions\/14809"}],"wp:featuredmedia":[{"embeddable":true,"href":"https:\/\/snusdelivery.se\/fr\/wp-json\/wp\/v2\/media\/14805"}],"wp:attachment":[{"href":"https:\/\/snusdelivery.se\/fr\/wp-json\/wp\/v2\/media?parent=12721"}],"wp:term":[{"taxonomy":"product_brand","embeddable":true,"href":"https:\/\/snusdelivery.se\/fr\/wp-json\/wp\/v2\/product_brand?post=12721"},{"taxonomy":"product_cat","embeddable":true,"href":"https:\/\/snusdelivery.se\/fr\/wp-json\/wp\/v2\/product_cat?post=12721"},{"taxonomy":"product_tag","embeddable":true,"href":"https:\/\/snusdelivery.se\/fr\/wp-json\/wp\/v2\/product_tag?post=12721"}],"curies":[{"name":"wp","href":"https:\/\/api.w.org\/{rel}","templated":true}]}}