{"id":12717,"date":"2022-10-10T13:11:27","date_gmt":"2022-10-10T13:11:27","guid":{"rendered":"https:\/\/snusdelivery.se\/product\/velo-freeze-x-strong-slim\/"},"modified":"2024-09-06T20:53:24","modified_gmt":"2024-09-06T20:53:24","slug":"velo-freeze-x-strong-slim","status":"publish","type":"product","link":"https:\/\/snusdelivery.se\/fr\/produit\/velo-freeze-x-strong-slim\/","title":{"rendered":"Velo Mighty Peppermint"},"content":{"rendered":"<p>Velo Mighty Peppermint s&rsquo;appelait auparavant Velo Freeze X-Strong Slim. &#8211; Un snus frais, menthol\u00e9 et enti\u00e8rement blanc avec une forte teneur en nicotine (15,5 mg\/g). Ces sachets de nicotine sans tabac et slim slim combinent une menthe poivr\u00e9e piquante avec du menthol pour un effet rafra\u00eechissant. Le remplissage en fibres v\u00e9g\u00e9tales naturelles utilis\u00e9 garantit que ces portions ne se d\u00e9colorent pas et qu&rsquo;elles ont une consistance peu liquide, ce qui permet une lib\u00e9ration durable de la saveur.<\/p>\n","protected":false},"excerpt":{"rendered":"<p>Un snus 100% sans tabac et enti\u00e8rement blanc de LYFT avec un go\u00fbt frais de menthe.<\/p>\n","protected":false},"featured_media":14801,"comment_status":"open","ping_status":"closed","template":"","meta":[],"product_brand":[],"product_cat":[453,408,440],"product_tag":[456,454,441],"class_list":{"0":"post-12717","1":"product","2":"type-product","3":"status-publish","4":"has-post-thumbnail","6":"product_cat-bastsaljare-fr-2","7":"product_cat-sachets-de-nicotine-fr","8":"product_cat-velo-fr","9":"product_tag-best-seller","10":"product_tag-sacs-de-nicotine","11":"product_tag-velo-fr","12":"pa_smak-frais","13":"pa_storlek-smart","14":"pa_styrka-stark-fr","15":"pa_varumarke-velo-fr","17":"first","18":"instock","19":"taxable","20":"shipping-taxable","21":"purchasable","22":"product-type-variable"},"_links":{"self":[{"href":"https:\/\/snusdelivery.se\/fr\/wp-json\/wp\/v2\/product\/12717","targetHints":{"allow":["GET"]}}],"collection":[{"href":"https:\/\/snusdelivery.se\/fr\/wp-json\/wp\/v2\/product"}],"about":[{"href":"https:\/\/snusdelivery.se\/fr\/wp-json\/wp\/v2\/types\/product"}],"replies":[{"embeddable":true,"href":"https:\/\/snusdelivery.se\/fr\/wp-json\/wp\/v2\/comments?post=12717"}],"version-history":[{"count":1,"href":"https:\/\/snusdelivery.se\/fr\/wp-json\/wp\/v2\/product\/12717\/revisions"}],"predecessor-version":[{"id":14633,"href":"https:\/\/snusdelivery.se\/fr\/wp-json\/wp\/v2\/product\/12717\/revisions\/14633"}],"wp:featuredmedia":[{"embeddable":true,"href":"https:\/\/snusdelivery.se\/fr\/wp-json\/wp\/v2\/media\/14801"}],"wp:attachment":[{"href":"https:\/\/snusdelivery.se\/fr\/wp-json\/wp\/v2\/media?parent=12717"}],"wp:term":[{"taxonomy":"product_brand","embeddable":true,"href":"https:\/\/snusdelivery.se\/fr\/wp-json\/wp\/v2\/product_brand?post=12717"},{"taxonomy":"product_cat","embeddable":true,"href":"https:\/\/snusdelivery.se\/fr\/wp-json\/wp\/v2\/product_cat?post=12717"},{"taxonomy":"product_tag","embeddable":true,"href":"https:\/\/snusdelivery.se\/fr\/wp-json\/wp\/v2\/product_tag?post=12717"}],"curies":[{"name":"wp","href":"https:\/\/api.w.org\/{rel}","templated":true}]}}