{"id":12677,"date":"2022-10-10T15:49:28","date_gmt":"2022-10-10T15:49:28","guid":{"rendered":"https:\/\/snusdelivery.se\/product\/volt-deep-freeze-super-strong-slim\/"},"modified":"2023-12-06T20:30:32","modified_gmt":"2023-12-06T20:30:32","slug":"volt-deep-freeze-super-strong-slim","status":"publish","type":"product","link":"https:\/\/snusdelivery.se\/fr\/produit\/volt-deep-freeze-super-strong-slim\/","title":{"rendered":"Volt Deep Freeze Super Strong Slim"},"content":{"rendered":"<p>Volt Deep Freeze Super Strong Slim &#8211; Un snus sans tabac, tout blanc, en portions fines, de Volt, au go\u00fbt frais d&rsquo;eucalyptus et de menthol. Ses minces sachets de nicotine utilisent un remplissage \u00e0 base de fibres v\u00e9g\u00e9tales naturelles. Elle garantit qu&rsquo;ils ne se d\u00e9colorent pas, qu&rsquo;ils ont un go\u00fbt peu coulant et que leur lib\u00e9ration de saveur dure longtemps. Teneur \u00e9lev\u00e9e en nicotine : 18 mg\/g.<\/p>\n","protected":false},"excerpt":{"rendered":"<p>Sachets de nicotine minces sans tabac et enti\u00e8rement blancs de Volt avec un go\u00fbt frais de menthe et d&rsquo;eucalyptus.<\/p>\n","protected":false},"featured_media":11559,"comment_status":"open","ping_status":"closed","template":"","meta":[],"product_brand":[],"product_cat":[408,459],"product_tag":[456,454,460],"class_list":{"0":"post-12677","1":"product","2":"type-product","3":"status-publish","4":"has-post-thumbnail","6":"product_cat-sachets-de-nicotine-fr","7":"product_cat-volt-fr","8":"product_tag-best-seller","9":"product_tag-sacs-de-nicotine","10":"product_tag-volt-fr","11":"pa_smak-frais","12":"pa_storlek-smart","13":"pa_styrka-extra-fort","14":"pa_varumarke-volt-fr-2","16":"first","17":"outofstock","18":"taxable","19":"shipping-taxable","20":"purchasable","21":"product-type-variable"},"_links":{"self":[{"href":"https:\/\/snusdelivery.se\/fr\/wp-json\/wp\/v2\/product\/12677","targetHints":{"allow":["GET"]}}],"collection":[{"href":"https:\/\/snusdelivery.se\/fr\/wp-json\/wp\/v2\/product"}],"about":[{"href":"https:\/\/snusdelivery.se\/fr\/wp-json\/wp\/v2\/types\/product"}],"replies":[{"embeddable":true,"href":"https:\/\/snusdelivery.se\/fr\/wp-json\/wp\/v2\/comments?post=12677"}],"version-history":[{"count":0,"href":"https:\/\/snusdelivery.se\/fr\/wp-json\/wp\/v2\/product\/12677\/revisions"}],"wp:featuredmedia":[{"embeddable":true,"href":"https:\/\/snusdelivery.se\/fr\/wp-json\/wp\/v2\/media\/11559"}],"wp:attachment":[{"href":"https:\/\/snusdelivery.se\/fr\/wp-json\/wp\/v2\/media?parent=12677"}],"wp:term":[{"taxonomy":"product_brand","embeddable":true,"href":"https:\/\/snusdelivery.se\/fr\/wp-json\/wp\/v2\/product_brand?post=12677"},{"taxonomy":"product_cat","embeddable":true,"href":"https:\/\/snusdelivery.se\/fr\/wp-json\/wp\/v2\/product_cat?post=12677"},{"taxonomy":"product_tag","embeddable":true,"href":"https:\/\/snusdelivery.se\/fr\/wp-json\/wp\/v2\/product_tag?post=12677"}],"curies":[{"name":"wp","href":"https:\/\/api.w.org\/{rel}","templated":true}]}}