{"id":12660,"date":"2022-10-10T16:11:20","date_gmt":"2022-10-10T16:11:20","guid":{"rendered":"https:\/\/snusdelivery.se\/product\/xqs-myrtille-menthe-forte-slim\/"},"modified":"2023-12-07T09:56:26","modified_gmt":"2023-12-07T09:56:26","slug":"xqs-blueberry-mint-strong-slim","status":"publish","type":"product","link":"https:\/\/snusdelivery.se\/fr\/produit\/xqs-blueberry-mint-strong-slim\/","title":{"rendered":"XQS Myrtille Menthe Forte Slim"},"content":{"rendered":"<p>XQS Blueberry Mint Strong Slim &#8211; Un snus de XQS sans tabac, enti\u00e8rement blanc, en portion mince, avec une saveur de menthe fra\u00eeche agr\u00e9ment\u00e9e de notes fruit\u00e9es et sucr\u00e9es de myrtille. Le remplissage en fibres v\u00e9g\u00e9tales naturelles utilis\u00e9 dans ses sachets de nicotine minces garantit qu&rsquo;ils ne se d\u00e9colorent pas et qu&rsquo;ils ont une faible viscosit\u00e9, ce qui contribue \u00e0 une lib\u00e9ration durable de l&rsquo;ar\u00f4me. Teneur en nicotine : 20 mg\/g.<\/p>\n","protected":false},"excerpt":{"rendered":"<p>Un snus sans tabac et tout blanc en portion mince de XQS avec un go\u00fbt frais de myrtille et de menthe.<\/p>\n","protected":false},"featured_media":11571,"comment_status":"open","ping_status":"closed","template":"","meta":[],"product_brand":[],"product_cat":[453,408,465],"product_tag":[456,454,466],"class_list":{"0":"post-12660","1":"product","2":"type-product","3":"status-publish","4":"has-post-thumbnail","6":"product_cat-bastsaljare-fr-2","7":"product_cat-sachets-de-nicotine-fr","8":"product_cat-xqs-fr","9":"product_tag-best-seller","10":"product_tag-sacs-de-nicotine","11":"product_tag-xqs-fr","12":"pa_smak-frais","13":"pa_storlek-smart","14":"pa_styrka-extra-fort","15":"pa_varumarke-xqs-fr-2","17":"first","18":"instock","19":"taxable","20":"shipping-taxable","21":"purchasable","22":"product-type-variable"},"_links":{"self":[{"href":"https:\/\/snusdelivery.se\/fr\/wp-json\/wp\/v2\/product\/12660","targetHints":{"allow":["GET"]}}],"collection":[{"href":"https:\/\/snusdelivery.se\/fr\/wp-json\/wp\/v2\/product"}],"about":[{"href":"https:\/\/snusdelivery.se\/fr\/wp-json\/wp\/v2\/types\/product"}],"replies":[{"embeddable":true,"href":"https:\/\/snusdelivery.se\/fr\/wp-json\/wp\/v2\/comments?post=12660"}],"version-history":[{"count":0,"href":"https:\/\/snusdelivery.se\/fr\/wp-json\/wp\/v2\/product\/12660\/revisions"}],"wp:featuredmedia":[{"embeddable":true,"href":"https:\/\/snusdelivery.se\/fr\/wp-json\/wp\/v2\/media\/11571"}],"wp:attachment":[{"href":"https:\/\/snusdelivery.se\/fr\/wp-json\/wp\/v2\/media?parent=12660"}],"wp:term":[{"taxonomy":"product_brand","embeddable":true,"href":"https:\/\/snusdelivery.se\/fr\/wp-json\/wp\/v2\/product_brand?post=12660"},{"taxonomy":"product_cat","embeddable":true,"href":"https:\/\/snusdelivery.se\/fr\/wp-json\/wp\/v2\/product_cat?post=12660"},{"taxonomy":"product_tag","embeddable":true,"href":"https:\/\/snusdelivery.se\/fr\/wp-json\/wp\/v2\/product_tag?post=12660"}],"curies":[{"name":"wp","href":"https:\/\/api.w.org\/{rel}","templated":true}]}}