{"id":12644,"date":"2022-10-10T16:39:34","date_gmt":"2022-10-10T16:39:34","guid":{"rendered":"https:\/\/snusdelivery.se\/product\/volt-pearls-midnight-mint-strong-slim\/"},"modified":"2023-12-06T20:32:30","modified_gmt":"2023-12-06T20:32:30","slug":"volt-pearls-midnight-mint-strong-slim","status":"publish","type":"product","link":"https:\/\/snusdelivery.se\/fr\/produit\/volt-pearls-midnight-mint-strong-slim\/","title":{"rendered":"Volt Pearls Midnight Mint Strong Slim"},"content":{"rendered":"<p>Volt Pearls Midnight Mint Strong Slim &#8211; Un snus sans tabac, tout blanc, en portions fines de Volt avec un go\u00fbt frais de menthe poivr\u00e9e et de menthol frais. Ses sachets de nicotine minces utilisent la technologie Pearls. Cela signifie que le remplissage est constitu\u00e9 de petites perles, ce qui les rend con\u00e7ues pour une lib\u00e9ration rapide et durable de la saveur. Teneur en nicotine : 13 mg\/g.<\/p>\n","protected":false},"excerpt":{"rendered":"<p>Sachets de nicotine sans tabac, enti\u00e8rement blancs et aromatis\u00e9s \u00e0 la menthe poivr\u00e9e et au menthol, avec un remplissage en technologie Pearl.<\/p>\n","protected":false},"featured_media":11583,"comment_status":"open","ping_status":"closed","template":"","meta":[],"product_brand":[],"product_cat":[408,459],"product_tag":[454,460],"class_list":{"0":"post-12644","1":"product","2":"type-product","3":"status-publish","4":"has-post-thumbnail","6":"product_cat-sachets-de-nicotine-fr","7":"product_cat-volt-fr","8":"product_tag-sacs-de-nicotine","9":"product_tag-volt-fr","10":"pa_smak-frais","11":"pa_storlek-smart","12":"pa_styrka-stark-fr","13":"pa_varumarke-volt-fr-2","15":"first","16":"outofstock","17":"taxable","18":"shipping-taxable","19":"purchasable","20":"product-type-variable"},"_links":{"self":[{"href":"https:\/\/snusdelivery.se\/fr\/wp-json\/wp\/v2\/product\/12644","targetHints":{"allow":["GET"]}}],"collection":[{"href":"https:\/\/snusdelivery.se\/fr\/wp-json\/wp\/v2\/product"}],"about":[{"href":"https:\/\/snusdelivery.se\/fr\/wp-json\/wp\/v2\/types\/product"}],"replies":[{"embeddable":true,"href":"https:\/\/snusdelivery.se\/fr\/wp-json\/wp\/v2\/comments?post=12644"}],"version-history":[{"count":0,"href":"https:\/\/snusdelivery.se\/fr\/wp-json\/wp\/v2\/product\/12644\/revisions"}],"wp:featuredmedia":[{"embeddable":true,"href":"https:\/\/snusdelivery.se\/fr\/wp-json\/wp\/v2\/media\/11583"}],"wp:attachment":[{"href":"https:\/\/snusdelivery.se\/fr\/wp-json\/wp\/v2\/media?parent=12644"}],"wp:term":[{"taxonomy":"product_brand","embeddable":true,"href":"https:\/\/snusdelivery.se\/fr\/wp-json\/wp\/v2\/product_brand?post=12644"},{"taxonomy":"product_cat","embeddable":true,"href":"https:\/\/snusdelivery.se\/fr\/wp-json\/wp\/v2\/product_cat?post=12644"},{"taxonomy":"product_tag","embeddable":true,"href":"https:\/\/snusdelivery.se\/fr\/wp-json\/wp\/v2\/product_tag?post=12644"}],"curies":[{"name":"wp","href":"https:\/\/api.w.org\/{rel}","templated":true}]}}