{"id":12600,"date":"2023-01-06T08:28:33","date_gmt":"2023-01-06T08:28:33","guid":{"rendered":"https:\/\/snusdelivery.se\/product\/skruf-super-white-fresh-3-strong-slim\/"},"modified":"2024-02-16T18:23:55","modified_gmt":"2024-02-16T18:23:55","slug":"skruf-super-white-fresh-3-strong-slim","status":"publish","type":"product","link":"https:\/\/snusdelivery.se\/fr\/produit\/skruf-super-white-fresh-3-strong-slim\/","title":{"rendered":"Skruf Super White Fresh #3 Strong Slim"},"content":{"rendered":"<p>Skruf Super White Fresh #3 Strong Slim &#8211; Un snus enti\u00e8rement blanc de Skruf qui a une saveur fra\u00eeche et fra\u00eeche de menthe verte. Ses minces sachets de nicotine sont remplis d&rsquo;un produit sans tabac, fabriqu\u00e9 \u00e0 partir de fibres v\u00e9g\u00e9tales naturelles. Il garantit qu&rsquo;ils ne se d\u00e9colorent pas et qu&rsquo;ils ont une texture peu coulante, ce qui contribue \u00e0 une lib\u00e9ration durable de la saveur. Teneur en nicotine : 13 mg\/g.<\/p>\n","protected":false},"excerpt":{"rendered":"<div class=\"product attribute overview\">\n<div class=\"value\">Un snus Skruf sans tabac et enti\u00e8rement blanc, avec des portions minces, au go\u00fbt de menthe fra\u00eeche.<\/div>\n<\/div>\n","protected":false},"featured_media":11958,"comment_status":"open","ping_status":"closed","template":"","meta":[],"product_brand":[],"product_cat":[446,417],"product_tag":[448,447,410],"class_list":{"0":"post-12600","1":"product","2":"type-product","3":"status-publish","4":"has-post-thumbnail","6":"product_cat-skruf-fr","7":"product_cat-snus-sans-tabac","8":"product_tag-skruf-fr","9":"product_tag-snus-fr","10":"product_tag-snus-sans-tabac","11":"pa_smak-frais","12":"pa_storlek-smart","13":"pa_styrka-stark-fr","14":"pa_varumarke-skruf-fr","16":"first","17":"instock","18":"taxable","19":"shipping-taxable","20":"purchasable","21":"product-type-variable"},"_links":{"self":[{"href":"https:\/\/snusdelivery.se\/fr\/wp-json\/wp\/v2\/product\/12600","targetHints":{"allow":["GET"]}}],"collection":[{"href":"https:\/\/snusdelivery.se\/fr\/wp-json\/wp\/v2\/product"}],"about":[{"href":"https:\/\/snusdelivery.se\/fr\/wp-json\/wp\/v2\/types\/product"}],"replies":[{"embeddable":true,"href":"https:\/\/snusdelivery.se\/fr\/wp-json\/wp\/v2\/comments?post=12600"}],"version-history":[{"count":0,"href":"https:\/\/snusdelivery.se\/fr\/wp-json\/wp\/v2\/product\/12600\/revisions"}],"wp:featuredmedia":[{"embeddable":true,"href":"https:\/\/snusdelivery.se\/fr\/wp-json\/wp\/v2\/media\/11958"}],"wp:attachment":[{"href":"https:\/\/snusdelivery.se\/fr\/wp-json\/wp\/v2\/media?parent=12600"}],"wp:term":[{"taxonomy":"product_brand","embeddable":true,"href":"https:\/\/snusdelivery.se\/fr\/wp-json\/wp\/v2\/product_brand?post=12600"},{"taxonomy":"product_cat","embeddable":true,"href":"https:\/\/snusdelivery.se\/fr\/wp-json\/wp\/v2\/product_cat?post=12600"},{"taxonomy":"product_tag","embeddable":true,"href":"https:\/\/snusdelivery.se\/fr\/wp-json\/wp\/v2\/product_tag?post=12600"}],"curies":[{"name":"wp","href":"https:\/\/api.w.org\/{rel}","templated":true}]}}