{"id":12556,"date":"2023-01-07T07:47:20","date_gmt":"2023-01-07T07:47:20","guid":{"rendered":"https:\/\/snusdelivery.se\/product\/velo-spicy-pineapple-strong-slim\/"},"modified":"2024-01-25T16:20:33","modified_gmt":"2024-01-25T16:20:33","slug":"velo-pineapple-strong-slim","status":"publish","type":"product","link":"https:\/\/snusdelivery.se\/fr\/produit\/velo-pineapple-strong-slim\/","title":{"rendered":"Velo Spicy Pineapple Strong Slim"},"content":{"rendered":"<p>Velo Spicy Pineapple Strong Slim &#8211; Un snus sans tabac et enti\u00e8rement blanc de Velo avec un go\u00fbt d&rsquo;ananas sucr\u00e9 et fruit\u00e9 agr\u00e9ment\u00e9 de notes \u00e9pic\u00e9es de piment pour une touche de chaleur. La garniture utilis\u00e9e dans ces sachets de nicotine mince est faite de fibres v\u00e9g\u00e9tales naturelles. Cela permet de s&rsquo;assurer qu&rsquo;ils ne tachent pas et qu&rsquo;ils ont une surface peu coulante. Teneur en nicotine : 14 mg\/g.<\/p>\n","protected":false},"excerpt":{"rendered":"<p>Sachets sans tabac, enti\u00e8rement blancs, \u00e0 faible teneur en nicotine de Velo, au go\u00fbt fruit\u00e9 d&rsquo;ananas agr\u00e9ment\u00e9 d&rsquo;une touche \u00e9pic\u00e9e de piment.<\/p>\n","protected":false},"featured_media":11991,"comment_status":"open","ping_status":"closed","template":"","meta":[],"product_brand":[],"product_cat":[417,440],"product_tag":[410,441],"class_list":{"0":"post-12556","1":"product","2":"type-product","3":"status-publish","4":"has-post-thumbnail","6":"product_cat-snus-sans-tabac","7":"product_cat-velo-fr","8":"product_tag-snus-sans-tabac","9":"product_tag-velo-fr","10":"pa_smak-fruite","11":"pa_storlek-smart","12":"pa_styrka-stark-fr","13":"pa_varumarke-velo-fr","15":"first","16":"instock","17":"taxable","18":"shipping-taxable","19":"purchasable","20":"product-type-variable"},"_links":{"self":[{"href":"https:\/\/snusdelivery.se\/fr\/wp-json\/wp\/v2\/product\/12556","targetHints":{"allow":["GET"]}}],"collection":[{"href":"https:\/\/snusdelivery.se\/fr\/wp-json\/wp\/v2\/product"}],"about":[{"href":"https:\/\/snusdelivery.se\/fr\/wp-json\/wp\/v2\/types\/product"}],"replies":[{"embeddable":true,"href":"https:\/\/snusdelivery.se\/fr\/wp-json\/wp\/v2\/comments?post=12556"}],"version-history":[{"count":0,"href":"https:\/\/snusdelivery.se\/fr\/wp-json\/wp\/v2\/product\/12556\/revisions"}],"wp:featuredmedia":[{"embeddable":true,"href":"https:\/\/snusdelivery.se\/fr\/wp-json\/wp\/v2\/media\/11991"}],"wp:attachment":[{"href":"https:\/\/snusdelivery.se\/fr\/wp-json\/wp\/v2\/media?parent=12556"}],"wp:term":[{"taxonomy":"product_brand","embeddable":true,"href":"https:\/\/snusdelivery.se\/fr\/wp-json\/wp\/v2\/product_brand?post=12556"},{"taxonomy":"product_cat","embeddable":true,"href":"https:\/\/snusdelivery.se\/fr\/wp-json\/wp\/v2\/product_cat?post=12556"},{"taxonomy":"product_tag","embeddable":true,"href":"https:\/\/snusdelivery.se\/fr\/wp-json\/wp\/v2\/product_tag?post=12556"}],"curies":[{"name":"wp","href":"https:\/\/api.w.org\/{rel}","templated":true}]}}