{"id":12512,"date":"2023-01-07T12:48:50","date_gmt":"2023-01-07T12:48:50","guid":{"rendered":"https:\/\/snusdelivery.se\/product\/zyn-espressino-extra-fort-mini-dry\/"},"modified":"2023-12-06T19:41:22","modified_gmt":"2023-12-06T19:41:22","slug":"zyn-espressino-extra-strong-mini","status":"publish","type":"product","link":"https:\/\/snusdelivery.se\/fr\/produit\/zyn-espressino-extra-strong-mini\/","title":{"rendered":"Zyn Espressino Extra Fort Mini Dry"},"content":{"rendered":"<p>ZYN Espressino Mini Dry Extra Strong &#8211; Un snus sans tabac et enti\u00e8rement blanc de ZYN et du fabricant Swedish Match au go\u00fbt cr\u00e9meux de caf\u00e9. Ces petits mini-sachets de nicotine combinent le go\u00fbt des grains de caf\u00e9 fra\u00eechement torr\u00e9fi\u00e9s avec des notes de vanille sucr\u00e9e, de chocolat et de nougat. Le remplissage enti\u00e8rement blanc utilis\u00e9 consiste en une poudre de cellulose naturelle. Un remplissage qui garantit que ces parties ne se tachent pas et qu&rsquo;elles se drainent le moins possible. Teneur en nicotine : 15 mg\/g.<\/p>\n","protected":false},"excerpt":{"rendered":"<p>Un snus sans tabac et enti\u00e8rement blanc en mini-portions de ZYN avec un go\u00fbt cr\u00e9meux de caf\u00e9.<\/p>\n","protected":false},"featured_media":12024,"comment_status":"open","ping_status":"closed","template":"","meta":[],"product_brand":[],"product_cat":[417,429],"product_tag":[410,430],"class_list":{"0":"post-12512","1":"product","2":"type-product","3":"status-publish","4":"has-post-thumbnail","6":"product_cat-snus-sans-tabac","7":"product_cat-zyn-fr","8":"product_tag-snus-sans-tabac","9":"product_tag-zyn-fr","10":"pa_smak-mignon","11":"pa_storlek-mini-fr","12":"pa_styrka-stark-fr","13":"pa_varumarke-zyn-fr-2","15":"first","16":"instock","17":"taxable","18":"shipping-taxable","19":"purchasable","20":"product-type-variable"},"_links":{"self":[{"href":"https:\/\/snusdelivery.se\/fr\/wp-json\/wp\/v2\/product\/12512","targetHints":{"allow":["GET"]}}],"collection":[{"href":"https:\/\/snusdelivery.se\/fr\/wp-json\/wp\/v2\/product"}],"about":[{"href":"https:\/\/snusdelivery.se\/fr\/wp-json\/wp\/v2\/types\/product"}],"replies":[{"embeddable":true,"href":"https:\/\/snusdelivery.se\/fr\/wp-json\/wp\/v2\/comments?post=12512"}],"version-history":[{"count":0,"href":"https:\/\/snusdelivery.se\/fr\/wp-json\/wp\/v2\/product\/12512\/revisions"}],"wp:featuredmedia":[{"embeddable":true,"href":"https:\/\/snusdelivery.se\/fr\/wp-json\/wp\/v2\/media\/12024"}],"wp:attachment":[{"href":"https:\/\/snusdelivery.se\/fr\/wp-json\/wp\/v2\/media?parent=12512"}],"wp:term":[{"taxonomy":"product_brand","embeddable":true,"href":"https:\/\/snusdelivery.se\/fr\/wp-json\/wp\/v2\/product_brand?post=12512"},{"taxonomy":"product_cat","embeddable":true,"href":"https:\/\/snusdelivery.se\/fr\/wp-json\/wp\/v2\/product_cat?post=12512"},{"taxonomy":"product_tag","embeddable":true,"href":"https:\/\/snusdelivery.se\/fr\/wp-json\/wp\/v2\/product_tag?post=12512"}],"curies":[{"name":"wp","href":"https:\/\/api.w.org\/{rel}","templated":true}]}}