{"id":12508,"date":"2023-01-07T12:56:46","date_gmt":"2023-01-07T12:56:46","guid":{"rendered":"https:\/\/snusdelivery.se\/product\/zyn-gold-medium-mini-dry\/"},"modified":"2023-12-06T19:39:47","modified_gmt":"2023-12-06T19:39:47","slug":"zyn-gold-medium-mini-dry","status":"publish","type":"product","link":"https:\/\/snusdelivery.se\/fr\/produit\/zyn-gold-medium-mini-dry\/","title":{"rendered":"Zyn Gold Medium Mini Dry"},"content":{"rendered":"<p>Zyn Gold Medium Mini Dry &#8211; Un snus sans tabac et enti\u00e8rement blanc de Zyn et du fabricant Swedish Match avec de petits sachets de mini-nicotine et un go\u00fbt semblable \u00e0 celui du tabac. Il combine des notes de feuilles s\u00e9ch\u00e9es \u00e0 l&rsquo;air libre avec des touches de c\u00e8dre pour obtenir un profil de saveur rond, doux et l\u00e9g\u00e8rement sucr\u00e9. Le remplissage en fibres v\u00e9g\u00e9tales utilis\u00e9 garantit qu&rsquo;ils ne se d\u00e9colorent pas et qu&rsquo;ils ont un caract\u00e8re sec, ce qui signifie une texture peu coulante et une lib\u00e9ration durable de la saveur. Teneur en nicotine : 7,5 mg\/g.<\/p>\n","protected":false},"excerpt":{"rendered":"<p>Sans tabac, tout blanc et petits mini-sachets de nicotine de ZYN avec une saveur inspir\u00e9e du tabac de feuilles s\u00e9ch\u00e9es \u00e0 l&rsquo;air et de c\u00e8dre.<\/p>\n","protected":false},"featured_media":12012,"comment_status":"open","ping_status":"closed","template":"","meta":[],"product_brand":[],"product_cat":[417,429],"product_tag":[410,430],"class_list":{"0":"post-12508","1":"product","2":"type-product","3":"status-publish","4":"has-post-thumbnail","6":"product_cat-snus-sans-tabac","7":"product_cat-zyn-fr","8":"product_tag-snus-sans-tabac","9":"product_tag-zyn-fr","10":"pa_smak-classique","11":"pa_storlek-mini-fr","12":"pa_styrka-normal-fr","13":"pa_varumarke-zyn-fr-2","15":"first","16":"instock","17":"taxable","18":"shipping-taxable","19":"purchasable","20":"product-type-variable"},"_links":{"self":[{"href":"https:\/\/snusdelivery.se\/fr\/wp-json\/wp\/v2\/product\/12508","targetHints":{"allow":["GET"]}}],"collection":[{"href":"https:\/\/snusdelivery.se\/fr\/wp-json\/wp\/v2\/product"}],"about":[{"href":"https:\/\/snusdelivery.se\/fr\/wp-json\/wp\/v2\/types\/product"}],"replies":[{"embeddable":true,"href":"https:\/\/snusdelivery.se\/fr\/wp-json\/wp\/v2\/comments?post=12508"}],"version-history":[{"count":0,"href":"https:\/\/snusdelivery.se\/fr\/wp-json\/wp\/v2\/product\/12508\/revisions"}],"wp:featuredmedia":[{"embeddable":true,"href":"https:\/\/snusdelivery.se\/fr\/wp-json\/wp\/v2\/media\/12012"}],"wp:attachment":[{"href":"https:\/\/snusdelivery.se\/fr\/wp-json\/wp\/v2\/media?parent=12508"}],"wp:term":[{"taxonomy":"product_brand","embeddable":true,"href":"https:\/\/snusdelivery.se\/fr\/wp-json\/wp\/v2\/product_brand?post=12508"},{"taxonomy":"product_cat","embeddable":true,"href":"https:\/\/snusdelivery.se\/fr\/wp-json\/wp\/v2\/product_cat?post=12508"},{"taxonomy":"product_tag","embeddable":true,"href":"https:\/\/snusdelivery.se\/fr\/wp-json\/wp\/v2\/product_tag?post=12508"}],"curies":[{"name":"wp","href":"https:\/\/api.w.org\/{rel}","templated":true}]}}