{"id":12472,"date":"2023-01-07T14:51:14","date_gmt":"2023-01-07T14:51:14","guid":{"rendered":"https:\/\/snusdelivery.se\/product\/white-fox-full-charge\/"},"modified":"2023-12-07T11:40:27","modified_gmt":"2023-12-07T11:40:27","slug":"white-fox-full-charge","status":"publish","type":"product","link":"https:\/\/snusdelivery.se\/fr\/produit\/white-fox-full-charge\/","title":{"rendered":"White Fox Full Charge"},"content":{"rendered":"<p>White Fox Full Charge &#8211; Un snus enti\u00e8rement blanc de White Fox et du fabricant GN Tobacco avec des sachets de nicotine de taille normale et un go\u00fbt frais de menthe agr\u00e9ment\u00e9 d&rsquo;une touche de menthe verte. Le remplissage sans tabac et en fibres v\u00e9g\u00e9tales naturelles utilis\u00e9 garantit que ces portions de remplissage ne se d\u00e9colorent pas, tout en leur conf\u00e9rant une faible viscosit\u00e9. Teneur en nicotine : 16 mg\/g.<\/p>\n","protected":false},"excerpt":{"rendered":"<p>Des paquets de nicotine sans tabac, enti\u00e8rement blancs, de taille normale, de White Fox, avec un go\u00fbt frais de menthe.<\/p>\n","protected":false},"featured_media":12051,"comment_status":"open","ping_status":"closed","template":"","meta":[],"product_brand":[],"product_cat":[417,418],"product_tag":[419,410],"class_list":{"0":"post-12472","1":"product","2":"type-product","3":"status-publish","4":"has-post-thumbnail","6":"product_cat-snus-sans-tabac","7":"product_cat-white-fox-fr","8":"product_tag-renard-blanc","9":"product_tag-snus-sans-tabac","10":"pa_smak-frais","11":"pa_storlek-normal-fr","12":"pa_styrka-stark-fr","13":"pa_varumarke-white-fox-fr","15":"first","16":"instock","17":"taxable","18":"shipping-taxable","19":"purchasable","20":"product-type-variable"},"_links":{"self":[{"href":"https:\/\/snusdelivery.se\/fr\/wp-json\/wp\/v2\/product\/12472","targetHints":{"allow":["GET"]}}],"collection":[{"href":"https:\/\/snusdelivery.se\/fr\/wp-json\/wp\/v2\/product"}],"about":[{"href":"https:\/\/snusdelivery.se\/fr\/wp-json\/wp\/v2\/types\/product"}],"replies":[{"embeddable":true,"href":"https:\/\/snusdelivery.se\/fr\/wp-json\/wp\/v2\/comments?post=12472"}],"version-history":[{"count":0,"href":"https:\/\/snusdelivery.se\/fr\/wp-json\/wp\/v2\/product\/12472\/revisions"}],"wp:featuredmedia":[{"embeddable":true,"href":"https:\/\/snusdelivery.se\/fr\/wp-json\/wp\/v2\/media\/12051"}],"wp:attachment":[{"href":"https:\/\/snusdelivery.se\/fr\/wp-json\/wp\/v2\/media?parent=12472"}],"wp:term":[{"taxonomy":"product_brand","embeddable":true,"href":"https:\/\/snusdelivery.se\/fr\/wp-json\/wp\/v2\/product_brand?post=12472"},{"taxonomy":"product_cat","embeddable":true,"href":"https:\/\/snusdelivery.se\/fr\/wp-json\/wp\/v2\/product_cat?post=12472"},{"taxonomy":"product_tag","embeddable":true,"href":"https:\/\/snusdelivery.se\/fr\/wp-json\/wp\/v2\/product_tag?post=12472"}],"curies":[{"name":"wp","href":"https:\/\/api.w.org\/{rel}","templated":true}]}}