{"id":12112,"date":"2022-10-27T16:15:37","date_gmt":"2022-10-27T16:15:37","guid":{"rendered":"https:\/\/snusdelivery.se\/ventes-b2b\/"},"modified":"2023-02-27T19:57:22","modified_gmt":"2023-02-27T19:57:22","slug":"ventes-b2b","status":"publish","type":"page","link":"https:\/\/snusdelivery.se\/fr\/ventes-b2b\/","title":{"rendered":"VENTES B2B"},"content":{"rendered":"\t\t<div data-elementor-type=\"wp-page\" data-elementor-id=\"12112\" class=\"elementor elementor-12112 elementor-9828\">\n\t\t\t\t\t\t<section class=\"wd-negative-gap elementor-section elementor-top-section elementor-element elementor-element-77a700cc elementor-section-boxed elementor-section-height-default elementor-section-height-default wd-section-disabled\" data-id=\"77a700cc\" data-element_type=\"section\" data-e-type=\"section\">\n\t\t\t\t\t\t<div class=\"elementor-container elementor-column-gap-default\">\n\t\t\t\t\t<div class=\"elementor-column elementor-col-100 elementor-top-column elementor-element elementor-element-4ba8f524\" data-id=\"4ba8f524\" data-element_type=\"column\" data-e-type=\"column\">\n\t\t\t<div class=\"elementor-widget-wrap elementor-element-populated\">\n\t\t\t\t\t\t<div class=\"elementor-element elementor-element-4b710e5b elementor-widget elementor-widget-wd_text_block\" data-id=\"4b710e5b\" data-element_type=\"widget\" data-e-type=\"widget\" data-widget_type=\"wd_text_block.default\">\n\t\t\t\t<div class=\"elementor-widget-container\">\n\t\t\t\t\t\t\t<div class=\"wd-text-block reset-last-child text-center\">\n\t\t\t\n\t\t\t<p>Vous \u00eates un client commercial et vous souhaitez commander de plus grandes quantit\u00e9s ? Contactez-nous \u00e0 <a href=\"mailto:joscap2022@gmail.com\">joscap2022@gmail.com<\/a>.<\/p>\n\t\t\t\t\t<\/div>\n\t\t\t\t\t\t<\/div>\n\t\t\t\t<\/div>\n\t\t\t\t\t<\/div>\n\t\t<\/div>\n\t\t\t\t\t<\/div>\n\t\t<\/section>\n\t\t\t\t<\/div>\n\t\t","protected":false},"excerpt":{"rendered":"<p>Vous \u00eates un client commercial et vous souhaitez commander de plus grandes quantit\u00e9s ? Contactez-nous \u00e0 joscap2022@gmail.com.<\/p>\n","protected":false},"author":1,"featured_media":0,"parent":0,"menu_order":0,"comment_status":"closed","ping_status":"closed","template":"","meta":{"footnotes":""},"class_list":["post-12112","page","type-page","status-publish","hentry"],"_links":{"self":[{"href":"https:\/\/snusdelivery.se\/fr\/wp-json\/wp\/v2\/pages\/12112","targetHints":{"allow":["GET"]}}],"collection":[{"href":"https:\/\/snusdelivery.se\/fr\/wp-json\/wp\/v2\/pages"}],"about":[{"href":"https:\/\/snusdelivery.se\/fr\/wp-json\/wp\/v2\/types\/page"}],"author":[{"embeddable":true,"href":"https:\/\/snusdelivery.se\/fr\/wp-json\/wp\/v2\/users\/1"}],"replies":[{"embeddable":true,"href":"https:\/\/snusdelivery.se\/fr\/wp-json\/wp\/v2\/comments?post=12112"}],"version-history":[{"count":2,"href":"https:\/\/snusdelivery.se\/fr\/wp-json\/wp\/v2\/pages\/12112\/revisions"}],"predecessor-version":[{"id":13062,"href":"https:\/\/snusdelivery.se\/fr\/wp-json\/wp\/v2\/pages\/12112\/revisions\/13062"}],"wp:attachment":[{"href":"https:\/\/snusdelivery.se\/fr\/wp-json\/wp\/v2\/media?parent=12112"}],"curies":[{"name":"wp","href":"https:\/\/api.w.org\/{rel}","templated":true}]}}