{"id":13014,"date":"2022-10-10T13:05:21","date_gmt":"2022-10-10T13:05:21","guid":{"rendered":"https:\/\/snusdelivery.se\/product\/velo-mint-medium-slim\/"},"modified":"2024-09-06T21:11:35","modified_gmt":"2024-09-06T21:11:35","slug":"velo-mint-medium-slim","status":"publish","type":"product","link":"https:\/\/snusdelivery.se\/de\/produkt\/velo-mint-medium-slim\/","title":{"rendered":"Velo Witty Spearmint"},"content":{"rendered":"<p>Velo Witty Spearmint war fr\u00fcher Velo Mint Slim. &#8211; Ein tabakfreier, rein wei\u00dfer Snus von Velo mit schlanken Nikotinbeuteln, der einen frischen und k\u00fchlen Minzgeschmack mit einem leichten, unterschwelligen Hauch von S\u00fc\u00dfe hat. Die rein wei\u00dfe und nat\u00fcrliche Pflanzenfaserf\u00fcllung dieser schlanken Portionen sorgt daf\u00fcr, dass sie sich nicht verf\u00e4rben und eine d\u00fcnnfl\u00fcssige Textur haben, wodurch der minzige Geschmack lange erhalten bleibt. Nikotingehalt: 6 mg\/g. Velo Witty Spearmint hie\u00df fr\u00fcher Velo Mint. Neuer Look, gleich guter Geschmack!<\/p>\n","protected":false},"excerpt":{"rendered":"<p>Ein tabakfreier und rein wei\u00dfer Slim-Portionssnus von Velo mit einem frischen und s\u00fc\u00dfen Minzgeschmack.<\/p>\n","protected":false},"featured_media":14806,"comment_status":"open","ping_status":"closed","template":"","meta":[],"product_brand":[],"product_cat":[524,479,511],"product_tag":[527,525,512],"class_list":{"0":"post-13014","1":"product","2":"type-product","3":"status-publish","4":"has-post-thumbnail","6":"product_cat-bastsaljare-de-2","7":"product_cat-nicotine-pouches-de","8":"product_cat-velo-de","9":"product_tag-bestseller-de","10":"product_tag-nikotinbeutel","11":"product_tag-velo-de","12":"pa_smak-frisch","13":"pa_storlek-smart-de","14":"pa_styrka-normal-de","15":"pa_varumarke-velo-de","17":"first","18":"instock","19":"taxable","20":"shipping-taxable","21":"purchasable","22":"product-type-variable"},"_links":{"self":[{"href":"https:\/\/snusdelivery.se\/de\/wp-json\/wp\/v2\/product\/13014","targetHints":{"allow":["GET"]}}],"collection":[{"href":"https:\/\/snusdelivery.se\/de\/wp-json\/wp\/v2\/product"}],"about":[{"href":"https:\/\/snusdelivery.se\/de\/wp-json\/wp\/v2\/types\/product"}],"replies":[{"embeddable":true,"href":"https:\/\/snusdelivery.se\/de\/wp-json\/wp\/v2\/comments?post=13014"}],"version-history":[{"count":3,"href":"https:\/\/snusdelivery.se\/de\/wp-json\/wp\/v2\/product\/13014\/revisions"}],"predecessor-version":[{"id":14811,"href":"https:\/\/snusdelivery.se\/de\/wp-json\/wp\/v2\/product\/13014\/revisions\/14811"}],"wp:featuredmedia":[{"embeddable":true,"href":"https:\/\/snusdelivery.se\/de\/wp-json\/wp\/v2\/media\/14806"}],"wp:attachment":[{"href":"https:\/\/snusdelivery.se\/de\/wp-json\/wp\/v2\/media?parent=13014"}],"wp:term":[{"taxonomy":"product_brand","embeddable":true,"href":"https:\/\/snusdelivery.se\/de\/wp-json\/wp\/v2\/product_brand?post=13014"},{"taxonomy":"product_cat","embeddable":true,"href":"https:\/\/snusdelivery.se\/de\/wp-json\/wp\/v2\/product_cat?post=13014"},{"taxonomy":"product_tag","embeddable":true,"href":"https:\/\/snusdelivery.se\/de\/wp-json\/wp\/v2\/product_tag?post=13014"}],"curies":[{"name":"wp","href":"https:\/\/api.w.org\/{rel}","templated":true}]}}