{"id":12982,"date":"2022-10-10T14:51:05","date_gmt":"2022-10-10T14:51:05","guid":{"rendered":"https:\/\/snusdelivery.se\/product\/velo-lakritze-strong-slim\/"},"modified":"2024-02-12T20:08:16","modified_gmt":"2024-02-12T20:08:16","slug":"velo-liquorice-strong-slim","status":"publish","type":"product","link":"https:\/\/snusdelivery.se\/de\/produkt\/velo-liquorice-strong-slim\/","title":{"rendered":"Velo Lakritze Strong Slim"},"content":{"rendered":"<p>Velo Liquorice Strong Slim &#8211; Tabakfreie Slim-Nikotinbeutel von Velo mit Lakritzgeschmack. Dieser rein wei\u00dfe Snus verwendet eine F\u00fcllung aus nat\u00fcrlichen Pflanzenfasern. Es sorgt daf\u00fcr, dass sich die Portionen nicht verf\u00e4rben und eine d\u00fcnnfl\u00fcssige Konsistenz haben, damit der Geschmack lange erhalten bleibt. Nikotingehalt: 14 mg\/g.<\/p>\n","protected":false},"excerpt":{"rendered":"<p>Tabakfreie und rein wei\u00dfe Snusportionen von Velo mit Lakritzgeschmack.<\/p>\n","protected":false},"featured_media":14779,"comment_status":"open","ping_status":"closed","template":"","meta":[],"product_brand":[],"product_cat":[479,511],"product_tag":[527,525,512],"class_list":{"0":"post-12982","1":"product","2":"type-product","3":"status-publish","4":"has-post-thumbnail","6":"product_cat-nicotine-pouches-de","7":"product_cat-velo-de","8":"product_tag-bestseller-de","9":"product_tag-nikotinbeutel","10":"product_tag-velo-de","11":"pa_smak-niedlich","12":"pa_storlek-smart-de","13":"pa_styrka-stark-de","14":"pa_varumarke-velo-de","16":"first","17":"instock","18":"taxable","19":"shipping-taxable","20":"purchasable","21":"product-type-variable"},"_links":{"self":[{"href":"https:\/\/snusdelivery.se\/de\/wp-json\/wp\/v2\/product\/12982","targetHints":{"allow":["GET"]}}],"collection":[{"href":"https:\/\/snusdelivery.se\/de\/wp-json\/wp\/v2\/product"}],"about":[{"href":"https:\/\/snusdelivery.se\/de\/wp-json\/wp\/v2\/types\/product"}],"replies":[{"embeddable":true,"href":"https:\/\/snusdelivery.se\/de\/wp-json\/wp\/v2\/comments?post=12982"}],"version-history":[{"count":0,"href":"https:\/\/snusdelivery.se\/de\/wp-json\/wp\/v2\/product\/12982\/revisions"}],"wp:featuredmedia":[{"embeddable":true,"href":"https:\/\/snusdelivery.se\/de\/wp-json\/wp\/v2\/media\/14779"}],"wp:attachment":[{"href":"https:\/\/snusdelivery.se\/de\/wp-json\/wp\/v2\/media?parent=12982"}],"wp:term":[{"taxonomy":"product_brand","embeddable":true,"href":"https:\/\/snusdelivery.se\/de\/wp-json\/wp\/v2\/product_brand?post=12982"},{"taxonomy":"product_cat","embeddable":true,"href":"https:\/\/snusdelivery.se\/de\/wp-json\/wp\/v2\/product_cat?post=12982"},{"taxonomy":"product_tag","embeddable":true,"href":"https:\/\/snusdelivery.se\/de\/wp-json\/wp\/v2\/product_tag?post=12982"}],"curies":[{"name":"wp","href":"https:\/\/api.w.org\/{rel}","templated":true}]}}