{"id":12934,"date":"2022-10-10T16:43:40","date_gmt":"2022-10-10T16:43:40","guid":{"rendered":"https:\/\/snusdelivery.se\/product\/schleife-jalapeno-limette-strong\/"},"modified":"2023-12-06T21:19:15","modified_gmt":"2023-12-06T21:19:15","slug":"loop-jalapeno-lime-strong","status":"publish","type":"product","link":"https:\/\/snusdelivery.se\/de\/produkt\/loop-jalapeno-lime-strong\/","title":{"rendered":"Schleife Jalapeno-Limette Strong"},"content":{"rendered":"<p>LOOP Jalapeno Lime Strong &#8211; Ein rein wei\u00dfer Snus vom Hersteller Another Snus Factory mit einem w\u00fcrzigen und pikanten Geschmacksprofil. Die tabakfreien und schlanken Nikotinbeutel haben einen hohen Nikotingehalt (15 mg\/g) und einen Geschmack, der Limette mit einem Hauch von Jalapeno kombiniert. Die vollst\u00e4ndig wei\u00dfe und nat\u00fcrliche Pflanzenfaserf\u00fcllung sorgt daf\u00fcr, dass sich die Portionen nicht verf\u00e4rben und nur minimal ablaufen.<\/p>\n","protected":false},"excerpt":{"rendered":"<p>Ein komplett wei\u00dfer und tabakfreier Snus von Loop mit einem Geschmack, der w\u00fcrzige Jalapeno mit spritziger Limette kombiniert.<\/p>\n","protected":false},"featured_media":11587,"comment_status":"open","ping_status":"closed","template":"","meta":[],"product_brand":[],"product_cat":[533,479],"product_tag":[525,534],"class_list":{"0":"post-12934","1":"product","2":"type-product","3":"status-publish","4":"has-post-thumbnail","6":"product_cat-loop-de","7":"product_cat-nicotine-pouches-de","8":"product_tag-nikotinbeutel","9":"product_tag-schleife","10":"pa_smak-pikant","11":"pa_storlek-smart-de","12":"pa_styrka-stark-de","13":"pa_varumarke-loop","15":"first","16":"instock","17":"taxable","18":"shipping-taxable","19":"purchasable","20":"product-type-variable"},"_links":{"self":[{"href":"https:\/\/snusdelivery.se\/de\/wp-json\/wp\/v2\/product\/12934","targetHints":{"allow":["GET"]}}],"collection":[{"href":"https:\/\/snusdelivery.se\/de\/wp-json\/wp\/v2\/product"}],"about":[{"href":"https:\/\/snusdelivery.se\/de\/wp-json\/wp\/v2\/types\/product"}],"replies":[{"embeddable":true,"href":"https:\/\/snusdelivery.se\/de\/wp-json\/wp\/v2\/comments?post=12934"}],"version-history":[{"count":0,"href":"https:\/\/snusdelivery.se\/de\/wp-json\/wp\/v2\/product\/12934\/revisions"}],"wp:featuredmedia":[{"embeddable":true,"href":"https:\/\/snusdelivery.se\/de\/wp-json\/wp\/v2\/media\/11587"}],"wp:attachment":[{"href":"https:\/\/snusdelivery.se\/de\/wp-json\/wp\/v2\/media?parent=12934"}],"wp:term":[{"taxonomy":"product_brand","embeddable":true,"href":"https:\/\/snusdelivery.se\/de\/wp-json\/wp\/v2\/product_brand?post=12934"},{"taxonomy":"product_cat","embeddable":true,"href":"https:\/\/snusdelivery.se\/de\/wp-json\/wp\/v2\/product_cat?post=12934"},{"taxonomy":"product_tag","embeddable":true,"href":"https:\/\/snusdelivery.se\/de\/wp-json\/wp\/v2\/product_tag?post=12934"}],"curies":[{"name":"wp","href":"https:\/\/api.w.org\/{rel}","templated":true}]}}