{"id":12930,"date":"2022-10-10T16:53:46","date_gmt":"2022-10-10T16:53:46","guid":{"rendered":"https:\/\/snusdelivery.se\/product\/volt-rot-swirl-low-slim\/"},"modified":"2023-12-06T20:20:41","modified_gmt":"2023-12-06T20:20:41","slug":"volt-red-swirl-low-slim","status":"publish","type":"product","link":"https:\/\/snusdelivery.se\/de\/produkt\/volt-red-swirl-low-slim\/","title":{"rendered":"Volt Rot Swirl Low Slim"},"content":{"rendered":"<p>Volt Red Swirl Low Slim &#8211; Tabakfreie, rein wei\u00dfe und schlanke Nikotinpackungen von Volt mit einem fruchtigen Geschmack von roten Beeren, frischer Minze und s\u00fc\u00dfen Vanillenoten. Die nat\u00fcrliche und vollst\u00e4ndig wei\u00dfe Pflanzenfaserf\u00fcllung der Portionen schlie\u00dft das Risiko von Verf\u00e4rbungen aus. Es verleiht ihnen auch einen wenig fl\u00fcssigen Geschmack und sorgt f\u00fcr eine lang anhaltende Freisetzung von Aromen. Geringer Nikotingehalt: 6 mg\/g.<\/p>\n","protected":false},"excerpt":{"rendered":"<p>Tabakfreie und rein wei\u00dfe Slim Snus Portionen mit dem Geschmack von Erdbeeren, Vanille und Minze.<\/p>\n","protected":false},"featured_media":11590,"comment_status":"open","ping_status":"closed","template":"","meta":[],"product_brand":[],"product_cat":[479,530],"product_tag":[525,531],"class_list":{"0":"post-12930","1":"product","2":"type-product","3":"status-publish","4":"has-post-thumbnail","6":"product_cat-nicotine-pouches-de","7":"product_cat-volt-de","8":"product_tag-nikotinbeutel","9":"product_tag-volt-de","10":"pa_smak-fruchtig","11":"pa_storlek-smart-de","12":"pa_styrka-normal-de","13":"pa_varumarke-volt-de-2","15":"first","16":"outofstock","17":"taxable","18":"shipping-taxable","19":"purchasable","20":"product-type-variable"},"_links":{"self":[{"href":"https:\/\/snusdelivery.se\/de\/wp-json\/wp\/v2\/product\/12930","targetHints":{"allow":["GET"]}}],"collection":[{"href":"https:\/\/snusdelivery.se\/de\/wp-json\/wp\/v2\/product"}],"about":[{"href":"https:\/\/snusdelivery.se\/de\/wp-json\/wp\/v2\/types\/product"}],"replies":[{"embeddable":true,"href":"https:\/\/snusdelivery.se\/de\/wp-json\/wp\/v2\/comments?post=12930"}],"version-history":[{"count":0,"href":"https:\/\/snusdelivery.se\/de\/wp-json\/wp\/v2\/product\/12930\/revisions"}],"wp:featuredmedia":[{"embeddable":true,"href":"https:\/\/snusdelivery.se\/de\/wp-json\/wp\/v2\/media\/11590"}],"wp:attachment":[{"href":"https:\/\/snusdelivery.se\/de\/wp-json\/wp\/v2\/media?parent=12930"}],"wp:term":[{"taxonomy":"product_brand","embeddable":true,"href":"https:\/\/snusdelivery.se\/de\/wp-json\/wp\/v2\/product_brand?post=12930"},{"taxonomy":"product_cat","embeddable":true,"href":"https:\/\/snusdelivery.se\/de\/wp-json\/wp\/v2\/product_cat?post=12930"},{"taxonomy":"product_tag","embeddable":true,"href":"https:\/\/snusdelivery.se\/de\/wp-json\/wp\/v2\/product_tag?post=12930"}],"curies":[{"name":"wp","href":"https:\/\/api.w.org\/{rel}","templated":true}]}}