{"id":12902,"date":"2023-01-06T08:02:33","date_gmt":"2023-01-06T08:02:33","guid":{"rendered":"https:\/\/snusdelivery.se\/product\/skruf-superwhite-nr-54-fresh-mint-xtra-strong-slim\/"},"modified":"2024-02-16T18:45:30","modified_gmt":"2024-02-16T18:45:30","slug":"skruf-super-white-54-fresh-mint-xtra-slim","status":"publish","type":"product","link":"https:\/\/snusdelivery.se\/de\/produkt\/skruf-super-white-54-fresh-mint-xtra-slim\/","title":{"rendered":"Skruf Superwhite Nr. 54 Fresh Mint Xtra Strong Slim"},"content":{"rendered":"<p>Skruf Superwhite No. 54 Fresh Mint Xtra Strong Slim &#8211; Tabakfreie, ganz wei\u00dfe und schlanke Nikotinbeutel von Skruf mit frischem und k\u00fchlem Minzgeschmack. Die in den Portionen verwendete F\u00fcllung wird aus nat\u00fcrlichen Pflanzenfasern hergestellt. Es sorgt daf\u00fcr, dass sie nicht abf\u00e4rben und dass sie eine d\u00fcnnfl\u00fcssige Oberfl\u00e4che haben. Hoher Nikotingehalt: 18 mg\/g.<\/p>\n","protected":false},"excerpt":{"rendered":"<div class=\"product attribute overview\">\n<div class=\"value\">Ein tabakfreier und rein wei\u00dfer Snus von Skruf mit schlanken Nikotinbeuteln und einem k\u00fchlen Minzgeschmack. Hoher Nikotingehalt.<\/div>\n<\/div>\n","protected":false},"featured_media":11953,"comment_status":"open","ping_status":"closed","template":"","meta":[],"product_brand":[],"product_cat":[517,488],"product_tag":[519,518,481],"class_list":{"0":"post-12902","1":"product","2":"type-product","3":"status-publish","4":"has-post-thumbnail","6":"product_cat-skruf-de","7":"product_cat-tabakfreier-snus","8":"product_tag-skruf-de","9":"product_tag-snus-de","10":"product_tag-tabakfreier-snus","11":"pa_smak-frisch","12":"pa_storlek-smart-de","13":"pa_styrka-extra-stark-de","14":"pa_varumarke-skruf-de-2","16":"first","17":"instock","18":"taxable","19":"shipping-taxable","20":"purchasable","21":"product-type-variable"},"_links":{"self":[{"href":"https:\/\/snusdelivery.se\/de\/wp-json\/wp\/v2\/product\/12902","targetHints":{"allow":["GET"]}}],"collection":[{"href":"https:\/\/snusdelivery.se\/de\/wp-json\/wp\/v2\/product"}],"about":[{"href":"https:\/\/snusdelivery.se\/de\/wp-json\/wp\/v2\/types\/product"}],"replies":[{"embeddable":true,"href":"https:\/\/snusdelivery.se\/de\/wp-json\/wp\/v2\/comments?post=12902"}],"version-history":[{"count":0,"href":"https:\/\/snusdelivery.se\/de\/wp-json\/wp\/v2\/product\/12902\/revisions"}],"wp:featuredmedia":[{"embeddable":true,"href":"https:\/\/snusdelivery.se\/de\/wp-json\/wp\/v2\/media\/11953"}],"wp:attachment":[{"href":"https:\/\/snusdelivery.se\/de\/wp-json\/wp\/v2\/media?parent=12902"}],"wp:term":[{"taxonomy":"product_brand","embeddable":true,"href":"https:\/\/snusdelivery.se\/de\/wp-json\/wp\/v2\/product_brand?post=12902"},{"taxonomy":"product_cat","embeddable":true,"href":"https:\/\/snusdelivery.se\/de\/wp-json\/wp\/v2\/product_cat?post=12902"},{"taxonomy":"product_tag","embeddable":true,"href":"https:\/\/snusdelivery.se\/de\/wp-json\/wp\/v2\/product_tag?post=12902"}],"curies":[{"name":"wp","href":"https:\/\/api.w.org\/{rel}","templated":true}]}}