{"id":12854,"date":"2023-01-07T07:43:36","date_gmt":"2023-01-07T07:43:36","guid":{"rendered":"https:\/\/snusdelivery.se\/product\/velo-royal-tea-medium-slim\/"},"modified":"2024-02-12T20:01:43","modified_gmt":"2024-02-12T20:01:43","slug":"velo-royal-tea-medium","status":"publish","type":"product","link":"https:\/\/snusdelivery.se\/de\/produkt\/velo-royal-tea-medium\/","title":{"rendered":"Velo Royal Tea Medium Slim"},"content":{"rendered":"<p>Velo Royal Tea Medium Slim &#8211; Tabakfreie, rein wei\u00dfe und schlanke Nikotinbeutel von Velo mit einem von traditionellen Schnupftabakaromen inspirierten Geschmackscharakter. Er hat einen blumigen und reichhaltigen Geschmack, bei dem schwarzer Tee mit einem Hauch von Bergamotte abgerundet wird. Die vollst\u00e4ndig wei\u00dfe und nat\u00fcrliche Pflanzenfaserf\u00fcllung sorgt daf\u00fcr, dass sich diese Schleimportionen nicht verf\u00e4rben. Es verleiht ihnen auch eine geringe Ranzigkeit, was zu einer lang anhaltenden Freisetzung von Geschmack beitr\u00e4gt. Nikotingehalt: 8 mg\/g.<\/p>\n","protected":false},"excerpt":{"rendered":"<p>Tabakfreie und rein wei\u00dfe Slim-Nikotinbeutel von Velo mit einem blumigen Geschmack von schwarzem Tee und Bergamotte.<\/p>\n","protected":false},"featured_media":11989,"comment_status":"open","ping_status":"closed","template":"","meta":[],"product_brand":[],"product_cat":[488,511],"product_tag":[481,512],"class_list":{"0":"post-12854","1":"product","2":"type-product","3":"status-publish","4":"has-post-thumbnail","6":"product_cat-tabakfreier-snus","7":"product_cat-velo-de","8":"product_tag-tabakfreier-snus","9":"product_tag-velo-de","10":"pa_smak-fruchtig","11":"pa_storlek-smart-de","12":"pa_styrka-normal-de","13":"pa_varumarke-velo-de","15":"first","16":"instock","17":"taxable","18":"shipping-taxable","19":"purchasable","20":"product-type-variable"},"_links":{"self":[{"href":"https:\/\/snusdelivery.se\/de\/wp-json\/wp\/v2\/product\/12854","targetHints":{"allow":["GET"]}}],"collection":[{"href":"https:\/\/snusdelivery.se\/de\/wp-json\/wp\/v2\/product"}],"about":[{"href":"https:\/\/snusdelivery.se\/de\/wp-json\/wp\/v2\/types\/product"}],"replies":[{"embeddable":true,"href":"https:\/\/snusdelivery.se\/de\/wp-json\/wp\/v2\/comments?post=12854"}],"version-history":[{"count":0,"href":"https:\/\/snusdelivery.se\/de\/wp-json\/wp\/v2\/product\/12854\/revisions"}],"wp:featuredmedia":[{"embeddable":true,"href":"https:\/\/snusdelivery.se\/de\/wp-json\/wp\/v2\/media\/11989"}],"wp:attachment":[{"href":"https:\/\/snusdelivery.se\/de\/wp-json\/wp\/v2\/media?parent=12854"}],"wp:term":[{"taxonomy":"product_brand","embeddable":true,"href":"https:\/\/snusdelivery.se\/de\/wp-json\/wp\/v2\/product_brand?post=12854"},{"taxonomy":"product_cat","embeddable":true,"href":"https:\/\/snusdelivery.se\/de\/wp-json\/wp\/v2\/product_cat?post=12854"},{"taxonomy":"product_tag","embeddable":true,"href":"https:\/\/snusdelivery.se\/de\/wp-json\/wp\/v2\/product_tag?post=12854"}],"curies":[{"name":"wp","href":"https:\/\/api.w.org\/{rel}","templated":true}]}}