{"id":12850,"date":"2023-01-07T07:47:20","date_gmt":"2023-01-07T07:47:20","guid":{"rendered":"https:\/\/snusdelivery.se\/product\/velo-spicy-pineapple-strong-slim\/"},"modified":"2024-02-12T19:59:51","modified_gmt":"2024-02-12T19:59:51","slug":"velo-pineapple-strong-slim","status":"publish","type":"product","link":"https:\/\/snusdelivery.se\/de\/produkt\/velo-pineapple-strong-slim\/","title":{"rendered":"Velo Spicy Pineapple Strong Slim"},"content":{"rendered":"<p>Velo Spicy Pineapple Strong Slim &#8211; Ein tabakfreier und rein wei\u00dfer Snus von Velo mit einem Geschmack von s\u00fc\u00dfer und fruchtiger Ananas, gekr\u00f6nt von w\u00fcrzigen Chilinoten f\u00fcr einen Hauch von Sch\u00e4rfe. Die F\u00fcllung dieser schlanken Nikotinbeutel wird aus nat\u00fcrlichen Pflanzenfasern hergestellt. Es sorgt daf\u00fcr, dass sie nicht abf\u00e4rben und dass sie eine d\u00fcnnfl\u00fcssige Oberfl\u00e4che haben. Nikotingehalt: 14 mg\/g.<\/p>\n","protected":false},"excerpt":{"rendered":"<p>Tabakfreie, rein wei\u00dfe, schlanke Nikotinbeutel von Velo mit fruchtigem Ananas-Geschmack und einem Hauch von Chili.<\/p>\n","protected":false},"featured_media":11992,"comment_status":"open","ping_status":"closed","template":"","meta":[],"product_brand":[],"product_cat":[488,511],"product_tag":[481,512],"class_list":{"0":"post-12850","1":"product","2":"type-product","3":"status-publish","4":"has-post-thumbnail","6":"product_cat-tabakfreier-snus","7":"product_cat-velo-de","8":"product_tag-tabakfreier-snus","9":"product_tag-velo-de","10":"pa_smak-fruchtig","11":"pa_storlek-smart-de","12":"pa_styrka-stark-de","13":"pa_varumarke-velo-de","15":"first","16":"instock","17":"taxable","18":"shipping-taxable","19":"purchasable","20":"product-type-variable"},"_links":{"self":[{"href":"https:\/\/snusdelivery.se\/de\/wp-json\/wp\/v2\/product\/12850","targetHints":{"allow":["GET"]}}],"collection":[{"href":"https:\/\/snusdelivery.se\/de\/wp-json\/wp\/v2\/product"}],"about":[{"href":"https:\/\/snusdelivery.se\/de\/wp-json\/wp\/v2\/types\/product"}],"replies":[{"embeddable":true,"href":"https:\/\/snusdelivery.se\/de\/wp-json\/wp\/v2\/comments?post=12850"}],"version-history":[{"count":0,"href":"https:\/\/snusdelivery.se\/de\/wp-json\/wp\/v2\/product\/12850\/revisions"}],"wp:featuredmedia":[{"embeddable":true,"href":"https:\/\/snusdelivery.se\/de\/wp-json\/wp\/v2\/media\/11992"}],"wp:attachment":[{"href":"https:\/\/snusdelivery.se\/de\/wp-json\/wp\/v2\/media?parent=12850"}],"wp:term":[{"taxonomy":"product_brand","embeddable":true,"href":"https:\/\/snusdelivery.se\/de\/wp-json\/wp\/v2\/product_brand?post=12850"},{"taxonomy":"product_cat","embeddable":true,"href":"https:\/\/snusdelivery.se\/de\/wp-json\/wp\/v2\/product_cat?post=12850"},{"taxonomy":"product_tag","embeddable":true,"href":"https:\/\/snusdelivery.se\/de\/wp-json\/wp\/v2\/product_tag?post=12850"}],"curies":[{"name":"wp","href":"https:\/\/api.w.org\/{rel}","templated":true}]}}