{"id":12838,"date":"2023-01-07T08:01:55","date_gmt":"2023-01-07T08:01:55","guid":{"rendered":"https:\/\/snusdelivery.se\/product\/velo-creamy-coffee-strong-mini\/"},"modified":"2024-01-24T15:33:52","modified_gmt":"2024-01-24T15:33:52","slug":"velo-creamy-coffee-strong","status":"publish","type":"product","link":"https:\/\/snusdelivery.se\/de\/produkt\/velo-creamy-coffee-strong\/","title":{"rendered":"Velo Creamy Coffee Strong Mini"},"content":{"rendered":"<p>Velo Creamy Coffee Strong Mini &#8211; Ein tabakfreier und rein wei\u00dfer Snus von Velo mit einem cremigen und sanften Geschmack von Kaffee. Die kleinen Mini-Nikotinbeutel haben eine F\u00fcllung aus nat\u00fcrlichen Pflanzenfasern, die das Auslaufen reduziert und die Freisetzung des Aromas verl\u00e4ngert. Nikotingehalt: 16 mg\/g.<\/p>\n","protected":false},"excerpt":{"rendered":"<div class=\"product attribute overview\">\n<div class=\"value\">\n<div class=\"product attribute overview\">\n<div class=\"value\">Tabakfreie, ganz wei\u00dfe und kleine Mini-Nikotinbeutel von Velo mit cremigem Kaffeegeschmack.<\/div>\n<\/div>\n<\/div>\n<\/div>\n","protected":false},"featured_media":12001,"comment_status":"open","ping_status":"closed","template":"","meta":[],"product_brand":[],"product_cat":[488,511],"product_tag":[481,512],"class_list":{"0":"post-12838","1":"product","2":"type-product","3":"status-publish","4":"has-post-thumbnail","6":"product_cat-tabakfreier-snus","7":"product_cat-velo-de","8":"product_tag-tabakfreier-snus","9":"product_tag-velo-de","10":"pa_smak-niedlich","11":"pa_storlek-mini-de","12":"pa_styrka-stark-de","13":"pa_varumarke-velo-de","15":"first","16":"instock","17":"taxable","18":"shipping-taxable","19":"purchasable","20":"product-type-variable"},"_links":{"self":[{"href":"https:\/\/snusdelivery.se\/de\/wp-json\/wp\/v2\/product\/12838","targetHints":{"allow":["GET"]}}],"collection":[{"href":"https:\/\/snusdelivery.se\/de\/wp-json\/wp\/v2\/product"}],"about":[{"href":"https:\/\/snusdelivery.se\/de\/wp-json\/wp\/v2\/types\/product"}],"replies":[{"embeddable":true,"href":"https:\/\/snusdelivery.se\/de\/wp-json\/wp\/v2\/comments?post=12838"}],"version-history":[{"count":0,"href":"https:\/\/snusdelivery.se\/de\/wp-json\/wp\/v2\/product\/12838\/revisions"}],"wp:featuredmedia":[{"embeddable":true,"href":"https:\/\/snusdelivery.se\/de\/wp-json\/wp\/v2\/media\/12001"}],"wp:attachment":[{"href":"https:\/\/snusdelivery.se\/de\/wp-json\/wp\/v2\/media?parent=12838"}],"wp:term":[{"taxonomy":"product_brand","embeddable":true,"href":"https:\/\/snusdelivery.se\/de\/wp-json\/wp\/v2\/product_brand?post=12838"},{"taxonomy":"product_cat","embeddable":true,"href":"https:\/\/snusdelivery.se\/de\/wp-json\/wp\/v2\/product_cat?post=12838"},{"taxonomy":"product_tag","embeddable":true,"href":"https:\/\/snusdelivery.se\/de\/wp-json\/wp\/v2\/product_tag?post=12838"}],"curies":[{"name":"wp","href":"https:\/\/api.w.org\/{rel}","templated":true}]}}