{"id":12822,"date":"2023-01-07T12:16:53","date_gmt":"2023-01-07T12:16:53","guid":{"rendered":"https:\/\/snusdelivery.se\/product\/zyn-gold-extra-stark-mini-trocken\/"},"modified":"2023-12-06T20:09:35","modified_gmt":"2023-12-06T20:09:35","slug":"zyn-gold-extra-strong-mini","status":"publish","type":"product","link":"https:\/\/snusdelivery.se\/de\/produkt\/zyn-gold-extra-strong-mini\/","title":{"rendered":"Zyn Gold Extra Stark Mini Trocken"},"content":{"rendered":"<p>Zyn Gold Extra Strong Mini Dry &#8211; Tabakfreie, ganz wei\u00dfe und kleine Mini-Nikotinpackungen von Zyn und dem Hersteller Swedish Match mit einem vom Tabak inspirierten Geschmack. Er kombiniert und balanciert Noten von luftgetrockneten Bl\u00e4ttern und Zedernholz, um einen runden, weichen und leicht s\u00fc\u00dfen Geschmackscharakter zu erreichen. Die verwendete F\u00fcllung besteht aus nat\u00fcrlichen Pflanzenfasern. Sie sorgt daf\u00fcr, dass sich die Portionen nicht verf\u00e4rben und dass sie eine d\u00fcnnfl\u00fcssige Konsistenz haben. Nikotingehalt: 15 mg\/g.<\/p>\n","protected":false},"excerpt":{"rendered":"<p>Ein tabakfreier und rein wei\u00dfer Miniportionssnus von ZYN mit einem runden und tabak\u00e4hnlichen Geschmack von luftgetrockneter Minze und Zedernholz.<\/p>\n","protected":false},"featured_media":12013,"comment_status":"open","ping_status":"closed","template":"","meta":[],"product_brand":[],"product_cat":[488,500],"product_tag":[481,501],"class_list":{"0":"post-12822","1":"product","2":"type-product","3":"status-publish","4":"has-post-thumbnail","6":"product_cat-tabakfreier-snus","7":"product_cat-zyn-de","8":"product_tag-tabakfreier-snus","9":"product_tag-zyn-de","10":"pa_smak-klassisch","11":"pa_storlek-mini-de","12":"pa_styrka-stark-de","13":"pa_varumarke-zyn-de","15":"first","16":"instock","17":"taxable","18":"shipping-taxable","19":"purchasable","20":"product-type-variable"},"_links":{"self":[{"href":"https:\/\/snusdelivery.se\/de\/wp-json\/wp\/v2\/product\/12822","targetHints":{"allow":["GET"]}}],"collection":[{"href":"https:\/\/snusdelivery.se\/de\/wp-json\/wp\/v2\/product"}],"about":[{"href":"https:\/\/snusdelivery.se\/de\/wp-json\/wp\/v2\/types\/product"}],"replies":[{"embeddable":true,"href":"https:\/\/snusdelivery.se\/de\/wp-json\/wp\/v2\/comments?post=12822"}],"version-history":[{"count":0,"href":"https:\/\/snusdelivery.se\/de\/wp-json\/wp\/v2\/product\/12822\/revisions"}],"wp:featuredmedia":[{"embeddable":true,"href":"https:\/\/snusdelivery.se\/de\/wp-json\/wp\/v2\/media\/12013"}],"wp:attachment":[{"href":"https:\/\/snusdelivery.se\/de\/wp-json\/wp\/v2\/media?parent=12822"}],"wp:term":[{"taxonomy":"product_brand","embeddable":true,"href":"https:\/\/snusdelivery.se\/de\/wp-json\/wp\/v2\/product_brand?post=12822"},{"taxonomy":"product_cat","embeddable":true,"href":"https:\/\/snusdelivery.se\/de\/wp-json\/wp\/v2\/product_cat?post=12822"},{"taxonomy":"product_tag","embeddable":true,"href":"https:\/\/snusdelivery.se\/de\/wp-json\/wp\/v2\/product_tag?post=12822"}],"curies":[{"name":"wp","href":"https:\/\/api.w.org\/{rel}","templated":true}]}}