{"id":12814,"date":"2023-01-07T12:38:27","date_gmt":"2023-01-07T12:38:27","guid":{"rendered":"https:\/\/snusdelivery.se\/product\/zyn-schwarze-kirsche-extra-stark-mini-trocken\/"},"modified":"2023-12-06T20:07:00","modified_gmt":"2023-12-06T20:07:00","slug":"zyn-black-cherry-extra-strong","status":"publish","type":"product","link":"https:\/\/snusdelivery.se\/de\/produkt\/zyn-black-cherry-extra-strong\/","title":{"rendered":"Zyn Schwarze Kirsche Extra Stark Mini Trocken"},"content":{"rendered":"<p>Zyn Black Cherry Extra Strong Mini Dry &#8211; Ein tabakfreier und rein wei\u00dfer Snus von Zyn mit kleinen Mini-Nikotinbeuteln, die ein fruchtiges und leicht s\u00fc\u00dfes Profil haben. Im Geschmack treffen Noten von dunklen Kirschen auf leichte Ankl\u00e4nge von Mandeln und Honig. Die ganz wei\u00dfe F\u00fcllung der Portionen sorgt daf\u00fcr, dass sie sich nicht verf\u00e4rben und eine d\u00fcnnfl\u00fcssige Konsistenz haben, was zu einer lang anhaltenden Freisetzung von Geschmack beitr\u00e4gt. Nikotingehalt: 15 mg\/g.<\/p>\n","protected":false},"excerpt":{"rendered":"<p>Tabakfreie, ganz wei\u00dfe und kleine Mini-Nikotinpackungen von ZYN mit einem Geschmack von Kirsche, gekr\u00f6nt von Noten von Mandel und Karamell.<\/p>\n","protected":false},"featured_media":12019,"comment_status":"open","ping_status":"closed","template":"","meta":[],"product_brand":[],"product_cat":[488,500],"product_tag":[481,501],"class_list":{"0":"post-12814","1":"product","2":"type-product","3":"status-publish","4":"has-post-thumbnail","6":"product_cat-tabakfreier-snus","7":"product_cat-zyn-de","8":"product_tag-tabakfreier-snus","9":"product_tag-zyn-de","10":"pa_smak-fruchtig","11":"pa_storlek-mini-de","12":"pa_styrka-stark-de","13":"pa_varumarke-zyn-de","15":"first","16":"instock","17":"taxable","18":"shipping-taxable","19":"purchasable","20":"product-type-variable"},"_links":{"self":[{"href":"https:\/\/snusdelivery.se\/de\/wp-json\/wp\/v2\/product\/12814","targetHints":{"allow":["GET"]}}],"collection":[{"href":"https:\/\/snusdelivery.se\/de\/wp-json\/wp\/v2\/product"}],"about":[{"href":"https:\/\/snusdelivery.se\/de\/wp-json\/wp\/v2\/types\/product"}],"replies":[{"embeddable":true,"href":"https:\/\/snusdelivery.se\/de\/wp-json\/wp\/v2\/comments?post=12814"}],"version-history":[{"count":0,"href":"https:\/\/snusdelivery.se\/de\/wp-json\/wp\/v2\/product\/12814\/revisions"}],"wp:featuredmedia":[{"embeddable":true,"href":"https:\/\/snusdelivery.se\/de\/wp-json\/wp\/v2\/media\/12019"}],"wp:attachment":[{"href":"https:\/\/snusdelivery.se\/de\/wp-json\/wp\/v2\/media?parent=12814"}],"wp:term":[{"taxonomy":"product_brand","embeddable":true,"href":"https:\/\/snusdelivery.se\/de\/wp-json\/wp\/v2\/product_brand?post=12814"},{"taxonomy":"product_cat","embeddable":true,"href":"https:\/\/snusdelivery.se\/de\/wp-json\/wp\/v2\/product_cat?post=12814"},{"taxonomy":"product_tag","embeddable":true,"href":"https:\/\/snusdelivery.se\/de\/wp-json\/wp\/v2\/product_tag?post=12814"}],"curies":[{"name":"wp","href":"https:\/\/api.w.org\/{rel}","templated":true}]}}