{"id":12806,"date":"2023-01-07T12:48:50","date_gmt":"2023-01-07T12:48:50","guid":{"rendered":"https:\/\/snusdelivery.se\/product\/zyn-espressino-extra-stark-mini-trocken\/"},"modified":"2023-12-06T20:07:30","modified_gmt":"2023-12-06T20:07:30","slug":"zyn-espressino-extra-strong-mini","status":"publish","type":"product","link":"https:\/\/snusdelivery.se\/de\/produkt\/zyn-espressino-extra-strong-mini\/","title":{"rendered":"Zyn Espressino Extra Stark Mini Trocken"},"content":{"rendered":"<p>ZYN Espressino Mini Dry Extra Strong &#8211; Ein tabakfreier und rein wei\u00dfer Snus von ZYN und dem Hersteller Swedish Match mit einem cremigen Kaffeegeschmack. Diese kleinen Mini-Nikotinbeutel kombinieren den Geschmack von frisch ger\u00f6steten Kaffeebohnen mit Noten von s\u00fc\u00dfer Vanille, Schokolade und Nougat. Die vollst\u00e4ndig wei\u00dfe F\u00fcllung besteht aus einem nat\u00fcrlichen Zellulosepulver. Eine F\u00fcllung, die daf\u00fcr sorgt, dass diese Teile nicht abf\u00e4rben und m\u00f6glichst wenig auslaufen. Nikotingehalt: 15 mg\/g.<\/p>\n","protected":false},"excerpt":{"rendered":"<p>Ein tabakfreier und rein wei\u00dfer Miniportionssnus von ZYN mit einem cremigen Kaffeegeschmack.<\/p>\n","protected":false},"featured_media":12025,"comment_status":"open","ping_status":"closed","template":"","meta":[],"product_brand":[],"product_cat":[488,500],"product_tag":[481,501],"class_list":{"0":"post-12806","1":"product","2":"type-product","3":"status-publish","4":"has-post-thumbnail","6":"product_cat-tabakfreier-snus","7":"product_cat-zyn-de","8":"product_tag-tabakfreier-snus","9":"product_tag-zyn-de","10":"pa_smak-niedlich","11":"pa_storlek-mini-de","12":"pa_styrka-stark-de","13":"pa_varumarke-zyn-de","15":"first","16":"instock","17":"taxable","18":"shipping-taxable","19":"purchasable","20":"product-type-variable"},"_links":{"self":[{"href":"https:\/\/snusdelivery.se\/de\/wp-json\/wp\/v2\/product\/12806","targetHints":{"allow":["GET"]}}],"collection":[{"href":"https:\/\/snusdelivery.se\/de\/wp-json\/wp\/v2\/product"}],"about":[{"href":"https:\/\/snusdelivery.se\/de\/wp-json\/wp\/v2\/types\/product"}],"replies":[{"embeddable":true,"href":"https:\/\/snusdelivery.se\/de\/wp-json\/wp\/v2\/comments?post=12806"}],"version-history":[{"count":0,"href":"https:\/\/snusdelivery.se\/de\/wp-json\/wp\/v2\/product\/12806\/revisions"}],"wp:featuredmedia":[{"embeddable":true,"href":"https:\/\/snusdelivery.se\/de\/wp-json\/wp\/v2\/media\/12025"}],"wp:attachment":[{"href":"https:\/\/snusdelivery.se\/de\/wp-json\/wp\/v2\/media?parent=12806"}],"wp:term":[{"taxonomy":"product_brand","embeddable":true,"href":"https:\/\/snusdelivery.se\/de\/wp-json\/wp\/v2\/product_brand?post=12806"},{"taxonomy":"product_cat","embeddable":true,"href":"https:\/\/snusdelivery.se\/de\/wp-json\/wp\/v2\/product_cat?post=12806"},{"taxonomy":"product_tag","embeddable":true,"href":"https:\/\/snusdelivery.se\/de\/wp-json\/wp\/v2\/product_tag?post=12806"}],"curies":[{"name":"wp","href":"https:\/\/api.w.org\/{rel}","templated":true}]}}