{"id":12778,"date":"2023-01-07T14:34:27","date_gmt":"2023-01-07T14:34:27","guid":{"rendered":"https:\/\/snusdelivery.se\/product\/siberia-all-white-extrem-stark\/"},"modified":"2023-12-06T21:02:40","modified_gmt":"2023-12-06T21:02:40","slug":"siberia-all-white-extremely-strong","status":"publish","type":"product","link":"https:\/\/snusdelivery.se\/de\/produkt\/siberia-all-white-extremely-strong\/","title":{"rendered":"Siberia All White Extrem Stark"},"content":{"rendered":"<p>Siberia &#8211; Jetzt als tabakfreier und wei\u00dfer Snus! Siberia All White Extremely Strong und seine Full-Size-Nikotinbeutel haben einen hohen Nikotingehalt (33 mg\/g) und einen k\u00fchlen Minzgeschmack. Die verwendete F\u00fcllung besteht aus nat\u00fcrlichen Pflanzenfasern. Eine komplett wei\u00dfe F\u00fcllung, die das Auslaufen der Portionen reduziert und gleichzeitig daf\u00fcr sorgt, dass sie nicht abf\u00e4rben.<\/p>\n","protected":false},"excerpt":{"rendered":"<p>Ein tabakfreier und wei\u00dfer Snus aus Sibirien mit normalgro\u00dfen Nikotinbeuteln und einem k\u00fchlen Minzgeschmack.<\/p>\n","protected":false},"featured_media":12043,"comment_status":"open","ping_status":"closed","template":"","meta":[],"product_brand":[],"product_cat":[495,488],"product_tag":[496,481],"class_list":{"0":"post-12778","1":"product","2":"type-product","3":"status-publish","4":"has-post-thumbnail","6":"product_cat-siberia","7":"product_cat-tabakfreier-snus","8":"product_tag-sibirien","9":"product_tag-tabakfreier-snus","10":"pa_smak-frisch","11":"pa_storlek-normal-de","12":"pa_styrka-ultra-stark-de","13":"pa_varumarke-siberia","15":"first","16":"instock","17":"taxable","18":"shipping-taxable","19":"purchasable","20":"product-type-variable"},"_links":{"self":[{"href":"https:\/\/snusdelivery.se\/de\/wp-json\/wp\/v2\/product\/12778","targetHints":{"allow":["GET"]}}],"collection":[{"href":"https:\/\/snusdelivery.se\/de\/wp-json\/wp\/v2\/product"}],"about":[{"href":"https:\/\/snusdelivery.se\/de\/wp-json\/wp\/v2\/types\/product"}],"replies":[{"embeddable":true,"href":"https:\/\/snusdelivery.se\/de\/wp-json\/wp\/v2\/comments?post=12778"}],"version-history":[{"count":0,"href":"https:\/\/snusdelivery.se\/de\/wp-json\/wp\/v2\/product\/12778\/revisions"}],"wp:featuredmedia":[{"embeddable":true,"href":"https:\/\/snusdelivery.se\/de\/wp-json\/wp\/v2\/media\/12043"}],"wp:attachment":[{"href":"https:\/\/snusdelivery.se\/de\/wp-json\/wp\/v2\/media?parent=12778"}],"wp:term":[{"taxonomy":"product_brand","embeddable":true,"href":"https:\/\/snusdelivery.se\/de\/wp-json\/wp\/v2\/product_brand?post=12778"},{"taxonomy":"product_cat","embeddable":true,"href":"https:\/\/snusdelivery.se\/de\/wp-json\/wp\/v2\/product_cat?post=12778"},{"taxonomy":"product_tag","embeddable":true,"href":"https:\/\/snusdelivery.se\/de\/wp-json\/wp\/v2\/product_tag?post=12778"}],"curies":[{"name":"wp","href":"https:\/\/api.w.org\/{rel}","templated":true}]}}