{"id":12774,"date":"2023-01-07T14:38:04","date_gmt":"2023-01-07T14:38:04","guid":{"rendered":"https:\/\/snusdelivery.se\/product\/siberia-all-white-extrem-stark-schlank\/"},"modified":"2023-12-06T21:01:25","modified_gmt":"2023-12-06T21:01:25","slug":"siberia-all-white-extremely-strong-slim","status":"publish","type":"product","link":"https:\/\/snusdelivery.se\/de\/produkt\/siberia-all-white-extremely-strong-slim\/","title":{"rendered":"Siberia All White Extrem Stark Schlank"},"content":{"rendered":"<p>Siberia All White Extremely Strong Slim &#8211; Ein wei\u00dfer Snus von Siberia und dem Hersteller GN Tobacco mit einem hohen Nikotingehalt (33 mg\/g) und einem k\u00fchlen Minzgeschmack. Die tabakfreie und nat\u00fcrliche Pflanzenfaserf\u00fcllung der schlanken Nikotinbeutel sorgt daf\u00fcr, dass sie sich nicht verf\u00e4rben und wenig klebrig sind.<\/p>\n","protected":false},"excerpt":{"rendered":"<p>Ein tabakfreier und wei\u00dfer Snus aus Sibirien mit schlanken Nikotinbeuteln, die einen hohen Nikotingehalt und einen k\u00fchlen Minzgeschmack haben.<\/p>\n","protected":false},"featured_media":12046,"comment_status":"open","ping_status":"closed","template":"","meta":[],"product_brand":[],"product_cat":[495,488],"product_tag":[496,481],"class_list":{"0":"post-12774","1":"product","2":"type-product","3":"status-publish","4":"has-post-thumbnail","6":"product_cat-siberia","7":"product_cat-tabakfreier-snus","8":"product_tag-sibirien","9":"product_tag-tabakfreier-snus","10":"pa_smak-frisch","11":"pa_storlek-smart-de","12":"pa_styrka-ultra-stark-de","13":"pa_varumarke-siberia","15":"first","16":"instock","17":"taxable","18":"shipping-taxable","19":"purchasable","20":"product-type-variable"},"_links":{"self":[{"href":"https:\/\/snusdelivery.se\/de\/wp-json\/wp\/v2\/product\/12774","targetHints":{"allow":["GET"]}}],"collection":[{"href":"https:\/\/snusdelivery.se\/de\/wp-json\/wp\/v2\/product"}],"about":[{"href":"https:\/\/snusdelivery.se\/de\/wp-json\/wp\/v2\/types\/product"}],"replies":[{"embeddable":true,"href":"https:\/\/snusdelivery.se\/de\/wp-json\/wp\/v2\/comments?post=12774"}],"version-history":[{"count":0,"href":"https:\/\/snusdelivery.se\/de\/wp-json\/wp\/v2\/product\/12774\/revisions"}],"wp:featuredmedia":[{"embeddable":true,"href":"https:\/\/snusdelivery.se\/de\/wp-json\/wp\/v2\/media\/12046"}],"wp:attachment":[{"href":"https:\/\/snusdelivery.se\/de\/wp-json\/wp\/v2\/media?parent=12774"}],"wp:term":[{"taxonomy":"product_brand","embeddable":true,"href":"https:\/\/snusdelivery.se\/de\/wp-json\/wp\/v2\/product_brand?post=12774"},{"taxonomy":"product_cat","embeddable":true,"href":"https:\/\/snusdelivery.se\/de\/wp-json\/wp\/v2\/product_cat?post=12774"},{"taxonomy":"product_tag","embeddable":true,"href":"https:\/\/snusdelivery.se\/de\/wp-json\/wp\/v2\/product_tag?post=12774"}],"curies":[{"name":"wp","href":"https:\/\/api.w.org\/{rel}","templated":true}]}}