{"id":12770,"date":"2023-01-07T14:42:20","date_gmt":"2023-01-07T14:42:20","guid":{"rendered":"https:\/\/snusdelivery.se\/product\/weisser-fuchs-double-mint\/"},"modified":"2023-12-07T09:11:57","modified_gmt":"2023-12-07T09:11:57","slug":"white-fox-double-mint","status":"publish","type":"product","link":"https:\/\/snusdelivery.se\/de\/produkt\/white-fox-double-mint\/","title":{"rendered":"Wei\u00dfer Fuchs Double Mint"},"content":{"rendered":"<p>White Fox Double Mint &#8211; Ein rein wei\u00dfer Snus von White Fox und dem Hersteller GN Tobacco mit einer frischen und k\u00fchlen Geschmackskombination aus Minze und Menthol. Die tabakfreie F\u00fcllung besteht aus nat\u00fcrlichen Pflanzenfasern und sorgt daf\u00fcr, dass sich die schlanken Nikotinbeutel nicht verf\u00e4rben, wenig klebrig sind und ihr Aroma lang anhaltend entfalten. Nikotingehalt: 16 mg\/g.<\/p>\n","protected":false},"excerpt":{"rendered":"<p>Tabakfreie und rein wei\u00dfe Slim-Nikotin-Beutel von White Fox mit k\u00fchlem Minz- und Mentholgeschmack.<\/p>\n","protected":false},"featured_media":12049,"comment_status":"open","ping_status":"closed","template":"","meta":[],"product_brand":[],"product_cat":[488,489],"product_tag":[481,490],"class_list":{"0":"post-12770","1":"product","2":"type-product","3":"status-publish","4":"has-post-thumbnail","6":"product_cat-tabakfreier-snus","7":"product_cat-white-fox-de","8":"product_tag-tabakfreier-snus","9":"product_tag-weisfuchs","10":"pa_smak-frisch","11":"pa_storlek-smart-de","12":"pa_styrka-stark-de","13":"pa_varumarke-white-fox","15":"first","16":"instock","17":"taxable","18":"shipping-taxable","19":"purchasable","20":"product-type-variable"},"_links":{"self":[{"href":"https:\/\/snusdelivery.se\/de\/wp-json\/wp\/v2\/product\/12770","targetHints":{"allow":["GET"]}}],"collection":[{"href":"https:\/\/snusdelivery.se\/de\/wp-json\/wp\/v2\/product"}],"about":[{"href":"https:\/\/snusdelivery.se\/de\/wp-json\/wp\/v2\/types\/product"}],"replies":[{"embeddable":true,"href":"https:\/\/snusdelivery.se\/de\/wp-json\/wp\/v2\/comments?post=12770"}],"version-history":[{"count":0,"href":"https:\/\/snusdelivery.se\/de\/wp-json\/wp\/v2\/product\/12770\/revisions"}],"wp:featuredmedia":[{"embeddable":true,"href":"https:\/\/snusdelivery.se\/de\/wp-json\/wp\/v2\/media\/12049"}],"wp:attachment":[{"href":"https:\/\/snusdelivery.se\/de\/wp-json\/wp\/v2\/media?parent=12770"}],"wp:term":[{"taxonomy":"product_brand","embeddable":true,"href":"https:\/\/snusdelivery.se\/de\/wp-json\/wp\/v2\/product_brand?post=12770"},{"taxonomy":"product_cat","embeddable":true,"href":"https:\/\/snusdelivery.se\/de\/wp-json\/wp\/v2\/product_cat?post=12770"},{"taxonomy":"product_tag","embeddable":true,"href":"https:\/\/snusdelivery.se\/de\/wp-json\/wp\/v2\/product_tag?post=12770"}],"curies":[{"name":"wp","href":"https:\/\/api.w.org\/{rel}","templated":true}]}}