{"id":12758,"date":"2023-01-07T15:00:46","date_gmt":"2023-01-07T15:00:46","guid":{"rendered":"https:\/\/snusdelivery.se\/product\/weisser-fuchs-black-edition\/"},"modified":"2023-12-07T09:07:31","modified_gmt":"2023-12-07T09:07:31","slug":"white-fox-black-edition","status":"publish","type":"product","link":"https:\/\/snusdelivery.se\/de\/produkt\/white-fox-black-edition\/","title":{"rendered":"Wei\u00dfer Fuchs Black Edition"},"content":{"rendered":"<p>White Fox Black Edition &#8211; Ein wei\u00dfer Snus des Herstellers GN Tobacco, der einen dunklen und rauchigen Geschmack mit einem ausgepr\u00e4gten Tabakcharakter hat, der mit blumigen Noten von Rosenbl\u00e4ttern abgerundet wird. Die tabakfreie F\u00fcllung der schlanken Nikotinbeutel wird aus nat\u00fcrlichen Pflanzenfasern hergestellt. Es sorgt daf\u00fcr, dass sie nicht abf\u00e4rben und dass sie eine d\u00fcnnfl\u00fcssige Oberfl\u00e4che haben. Nikotingehalt: 16 mg\/g.<\/p>\n","protected":false},"excerpt":{"rendered":"<p>Ein tabakfreier und wei\u00dfer Snus von White Fox, der einen dunklen und rauchigen Geschmack mit Tabakcharakter hat, gekr\u00f6nt von einer leichten Note von Rosenbl\u00e4ttern.<\/p>\n","protected":false},"featured_media":12058,"comment_status":"open","ping_status":"closed","template":"","meta":[],"product_brand":[],"product_cat":[488,489],"product_tag":[481,490],"class_list":{"0":"post-12758","1":"product","2":"type-product","3":"status-publish","4":"has-post-thumbnail","6":"product_cat-tabakfreier-snus","7":"product_cat-white-fox-de","8":"product_tag-tabakfreier-snus","9":"product_tag-weisfuchs","10":"pa_smak-klassisch","11":"pa_storlek-smart-de","12":"pa_styrka-stark-de","13":"pa_varumarke-white-fox","15":"first","16":"instock","17":"taxable","18":"shipping-taxable","19":"purchasable","20":"product-type-variable"},"_links":{"self":[{"href":"https:\/\/snusdelivery.se\/de\/wp-json\/wp\/v2\/product\/12758","targetHints":{"allow":["GET"]}}],"collection":[{"href":"https:\/\/snusdelivery.se\/de\/wp-json\/wp\/v2\/product"}],"about":[{"href":"https:\/\/snusdelivery.se\/de\/wp-json\/wp\/v2\/types\/product"}],"replies":[{"embeddable":true,"href":"https:\/\/snusdelivery.se\/de\/wp-json\/wp\/v2\/comments?post=12758"}],"version-history":[{"count":0,"href":"https:\/\/snusdelivery.se\/de\/wp-json\/wp\/v2\/product\/12758\/revisions"}],"wp:featuredmedia":[{"embeddable":true,"href":"https:\/\/snusdelivery.se\/de\/wp-json\/wp\/v2\/media\/12058"}],"wp:attachment":[{"href":"https:\/\/snusdelivery.se\/de\/wp-json\/wp\/v2\/media?parent=12758"}],"wp:term":[{"taxonomy":"product_brand","embeddable":true,"href":"https:\/\/snusdelivery.se\/de\/wp-json\/wp\/v2\/product_brand?post=12758"},{"taxonomy":"product_cat","embeddable":true,"href":"https:\/\/snusdelivery.se\/de\/wp-json\/wp\/v2\/product_cat?post=12758"},{"taxonomy":"product_tag","embeddable":true,"href":"https:\/\/snusdelivery.se\/de\/wp-json\/wp\/v2\/product_tag?post=12758"}],"curies":[{"name":"wp","href":"https:\/\/api.w.org\/{rel}","templated":true}]}}