{"id":12754,"date":"2023-01-07T15:02:48","date_gmt":"2023-01-07T15:02:48","guid":{"rendered":"https:\/\/snusdelivery.se\/product\/weisser-fuchs-gepfefferte-minze\/"},"modified":"2023-12-07T09:07:15","modified_gmt":"2023-12-07T09:07:15","slug":"white-fox-peppered-mint","status":"publish","type":"product","link":"https:\/\/snusdelivery.se\/de\/produkt\/white-fox-peppered-mint\/","title":{"rendered":"Wei\u00dfer Fuchs gepfefferte Minze"},"content":{"rendered":"<p>White Fox Peppered Mint &#8211; Tabakfreie, ganz wei\u00dfe und schlanke Nikotinpackungen von White Fox und dem Hersteller GN Tobacco mit einem frischen und pfeffrigen Geschmacksprofil. Er hat einen k\u00fchlen Pfefferminzgeschmack, der mit leichten Noten von schwarzem Pfeffer\u00f6l abgerundet wird. Die F\u00fcllung der Portionen besteht aus nat\u00fcrlichen Pflanzenfasern, die daf\u00fcr sorgen, dass sie sich nicht verf\u00e4rben und eine d\u00fcnnfl\u00fcssige Konsistenz f\u00fcr eine lang anhaltende Abgabe haben. Nikotingehalt: 16 mg\/g.<\/p>\n","protected":false},"excerpt":{"rendered":"<p>Ein tabakfreier und wei\u00dfer Snus von White Fox mit schlanken Nikotinbeuteln und einem Geschmack von frischer Pfefferminze, abgerundet mit einem Hauch von schwarzem Pfeffer\u00f6l.<\/p>\n","protected":false},"featured_media":12061,"comment_status":"open","ping_status":"closed","template":"","meta":[],"product_brand":[],"product_cat":[488,489],"product_tag":[481,490],"class_list":{"0":"post-12754","1":"product","2":"type-product","3":"status-publish","4":"has-post-thumbnail","6":"product_cat-tabakfreier-snus","7":"product_cat-white-fox-de","8":"product_tag-tabakfreier-snus","9":"product_tag-weisfuchs","10":"pa_smak-frisch","11":"pa_storlek-smart-de","12":"pa_styrka-stark-de","13":"pa_varumarke-white-fox","15":"first","16":"instock","17":"taxable","18":"shipping-taxable","19":"purchasable","20":"product-type-variable"},"_links":{"self":[{"href":"https:\/\/snusdelivery.se\/de\/wp-json\/wp\/v2\/product\/12754","targetHints":{"allow":["GET"]}}],"collection":[{"href":"https:\/\/snusdelivery.se\/de\/wp-json\/wp\/v2\/product"}],"about":[{"href":"https:\/\/snusdelivery.se\/de\/wp-json\/wp\/v2\/types\/product"}],"replies":[{"embeddable":true,"href":"https:\/\/snusdelivery.se\/de\/wp-json\/wp\/v2\/comments?post=12754"}],"version-history":[{"count":0,"href":"https:\/\/snusdelivery.se\/de\/wp-json\/wp\/v2\/product\/12754\/revisions"}],"wp:featuredmedia":[{"embeddable":true,"href":"https:\/\/snusdelivery.se\/de\/wp-json\/wp\/v2\/media\/12061"}],"wp:attachment":[{"href":"https:\/\/snusdelivery.se\/de\/wp-json\/wp\/v2\/media?parent=12754"}],"wp:term":[{"taxonomy":"product_brand","embeddable":true,"href":"https:\/\/snusdelivery.se\/de\/wp-json\/wp\/v2\/product_brand?post=12754"},{"taxonomy":"product_cat","embeddable":true,"href":"https:\/\/snusdelivery.se\/de\/wp-json\/wp\/v2\/product_cat?post=12754"},{"taxonomy":"product_tag","embeddable":true,"href":"https:\/\/snusdelivery.se\/de\/wp-json\/wp\/v2\/product_tag?post=12754"}],"curies":[{"name":"wp","href":"https:\/\/api.w.org\/{rel}","templated":true}]}}