{"id":12742,"date":"2023-01-21T12:23:06","date_gmt":"2023-01-21T12:23:06","guid":{"rendered":"https:\/\/snusdelivery.se\/product\/pablo-x-ice-cold-super-strong-slim-all-white\/"},"modified":"2023-12-06T21:08:17","modified_gmt":"2023-12-06T21:08:17","slug":"pablo-x-ice-cold-super-strong-slim-all-white","status":"publish","type":"product","link":"https:\/\/snusdelivery.se\/de\/produkt\/pablo-x-ice-cold-super-strong-slim-all-white\/","title":{"rendered":"Pablo X-Ice Cold Super Strong Slim All White"},"content":{"rendered":"<p id=\"tw-target-text\" class=\"tw-data-text tw-text-large tw-ta\" dir=\"ltr\" data-placeholder=\"Translation\"><span class=\"Y2IQFc\" lang=\"sv\">Pablo X-Ice Cold Super Strong ist der Bruder von Pablo Ice Cold, nur dass hier der eiskalte Minzgeschmack mit einem Tabakaroma kombiniert wird. Pablo X-Ice Cold gibt Ihnen ein St\u00fcck des traditionellen Tabakgeschmacks in Kombination mit Minze. Die Taschen sind etwas gelber und etwas trockener. Die Nikotinst\u00e4rke betr\u00e4gt 30 mg\/g und wird in 20 Beuteln geliefert. Da es sich um ein rein wei\u00dfes Produkt handelt, m\u00fcssen Sie sich keine Sorgen machen, dass sich Ihre Z\u00e4hne verf\u00e4rben. Wir empfehlen Pablo-Nikotinbeutel nur f\u00fcr erfahrene Konsumenten.<\/span><\/p>\n","protected":false},"excerpt":{"rendered":"<p>Schmaler, rein wei\u00dfer Anteil mit Minz- und Tabakgeschmack<\/p>\n","protected":false},"featured_media":12088,"comment_status":"open","ping_status":"closed","template":"","meta":[],"product_brand":[],"product_cat":[479,480],"product_tag":[482,481],"class_list":{"0":"post-12742","1":"product","2":"type-product","3":"status-publish","4":"has-post-thumbnail","6":"product_cat-nicotine-pouches-de","7":"product_cat-pablo-de","8":"product_tag-pablo-de","9":"product_tag-tabakfreier-snus","10":"pa_smak-klassisch","11":"pa_smak-minze","12":"pa_storlek-smart-de","13":"pa_styrka-extra-stark-de","14":"pa_varumarke-pablo-de-2","16":"first","17":"instock","18":"taxable","19":"shipping-taxable","20":"purchasable","21":"product-type-variable"},"_links":{"self":[{"href":"https:\/\/snusdelivery.se\/de\/wp-json\/wp\/v2\/product\/12742","targetHints":{"allow":["GET"]}}],"collection":[{"href":"https:\/\/snusdelivery.se\/de\/wp-json\/wp\/v2\/product"}],"about":[{"href":"https:\/\/snusdelivery.se\/de\/wp-json\/wp\/v2\/types\/product"}],"replies":[{"embeddable":true,"href":"https:\/\/snusdelivery.se\/de\/wp-json\/wp\/v2\/comments?post=12742"}],"version-history":[{"count":1,"href":"https:\/\/snusdelivery.se\/de\/wp-json\/wp\/v2\/product\/12742\/revisions"}],"predecessor-version":[{"id":13778,"href":"https:\/\/snusdelivery.se\/de\/wp-json\/wp\/v2\/product\/12742\/revisions\/13778"}],"wp:featuredmedia":[{"embeddable":true,"href":"https:\/\/snusdelivery.se\/de\/wp-json\/wp\/v2\/media\/12088"}],"wp:attachment":[{"href":"https:\/\/snusdelivery.se\/de\/wp-json\/wp\/v2\/media?parent=12742"}],"wp:term":[{"taxonomy":"product_brand","embeddable":true,"href":"https:\/\/snusdelivery.se\/de\/wp-json\/wp\/v2\/product_brand?post=12742"},{"taxonomy":"product_cat","embeddable":true,"href":"https:\/\/snusdelivery.se\/de\/wp-json\/wp\/v2\/product_cat?post=12742"},{"taxonomy":"product_tag","embeddable":true,"href":"https:\/\/snusdelivery.se\/de\/wp-json\/wp\/v2\/product_tag?post=12742"}],"curies":[{"name":"wp","href":"https:\/\/api.w.org\/{rel}","templated":true}]}}